{"id":692,"date":"2021-12-16T23:48:44","date_gmt":"2021-12-16T23:48:44","guid":{"rendered":"https:\/\/test.maya-seitan.be\/product\/mochi\/nature\/"},"modified":"2022-02-23T09:15:28","modified_gmt":"2022-02-23T09:15:28","slug":"nature","status":"publish","type":"product","link":"https:\/\/maya-seitan.be\/fr\/produit\/mochi\/nature\/","title":{"rendered":""},"content":{"rendered":"\n<div class=\"wp-block-columns is-layout-flex wp-container-core-columns-is-layout-9d6595d7 wp-block-columns-is-layout-flex\">\n<div class=\"wp-block-column is-layout-flow wp-block-column-is-layout-flow\">\n\n\n<p class=\"has-text-align-center gutenslider-content-initial has-larger-font-size\"><\/p>\n\n\n\n\n\n<p class=\"has-text-align-center gutenslider-content-initial has-larger-font-size\"><\/p>\n\n\n<\/div>\n\n\n\n<div class=\"wp-block-column is-layout-flow wp-block-column-is-layout-flow\">\n<h1 class=\"wp-block-heading\">Mochi<\/h1>\n\n\n\n<p style=\"font-size:18px\">Le mochi est une boulette de riz \u00e0 base de riz gluant complet bio.<\/p>\n\n\n\n<div style=\"height:30px\" aria-hidden=\"true\" class=\"wp-block-spacer\"><\/div>\n\n\n\n<h2 class=\"wp-block-heading\">Ingr\u00e9dients<\/h2>\n\n\n\n<p>Riz glutineux*, arrowroot*, sel marin<br>*= bio certifi\u00e9<\/p>\n\n\n\n<div style=\"height:30px\" aria-hidden=\"true\" class=\"wp-block-spacer\"><\/div>\n\n\n\n<h2 class=\"wp-block-heading\">Allerg\u00e8nes<\/h2>\n\n\n\n<p>\/<\/p>\n\n\n\n<div style=\"height:30px\" aria-hidden=\"true\" class=\"wp-block-spacer\"><\/div>\n\n\n\n<h2 class=\"wp-block-heading\">Pr\u00e9paration<\/h2>\n\n\n\n<p>Le mochi peut se manger sal\u00e9 ou sucr\u00e9. Po\u00ealez le mochi sur les deux c\u00f4t\u00e9s dans un peu d\u2019huile jusqu\u2019\u00e0 ce qu\u2019il soit croquant \u00e0 l\u2019ext\u00e9rieur et moelleux \u00e0 l\u2019int\u00e9rieur.<\/p>\n<\/div>\n<\/div>\n\n\n\n<p><\/p>\n","protected":false},"featured_media":691,"parent":341,"menu_order":0,"template":"","producttype":[],"class_list":["post-692","product","type-product","status-publish","has-post-thumbnail","hentry"],"acf":[],"_links":{"self":[{"href":"https:\/\/maya-seitan.be\/fr\/wp-json\/wp\/v2\/product\/692","targetHints":{"allow":["GET"]}}],"collection":[{"href":"https:\/\/maya-seitan.be\/fr\/wp-json\/wp\/v2\/product"}],"about":[{"href":"https:\/\/maya-seitan.be\/fr\/wp-json\/wp\/v2\/types\/product"}],"up":[{"embeddable":true,"href":"https:\/\/maya-seitan.be\/fr\/wp-json\/wp\/v2\/product\/341"}],"wp:featuredmedia":[{"embeddable":true,"href":"https:\/\/maya-seitan.be\/fr\/wp-json\/wp\/v2\/media\/691"}],"wp:attachment":[{"href":"https:\/\/maya-seitan.be\/fr\/wp-json\/wp\/v2\/media?parent=692"}],"wp:term":[{"taxonomy":"producttype","embeddable":true,"href":"https:\/\/maya-seitan.be\/fr\/wp-json\/wp\/v2\/producttype?post=692"}],"curies":[{"name":"wp","href":"https:\/\/api.w.org\/{rel}","templated":true}]}}