{"id":682,"date":"2021-12-16T23:35:23","date_gmt":"2021-12-16T23:35:23","guid":{"rendered":"https:\/\/test.maya-seitan.be\/product\/sate\/nature\/"},"modified":"2022-02-23T09:15:37","modified_gmt":"2022-02-23T09:15:37","slug":"nature","status":"publish","type":"product","link":"https:\/\/maya-seitan.be\/fr\/produit\/sate\/nature\/","title":{"rendered":""},"content":{"rendered":"\n<div class=\"wp-block-columns is-layout-flex wp-container-core-columns-is-layout-9d6595d7 wp-block-columns-is-layout-flex\">\n<div class=\"wp-block-column is-layout-flow wp-block-column-is-layout-flow\">\n\n\n<p class=\"has-text-align-center gutenslider-content-initial has-larger-font-size\"><\/p>\n\n\n<\/div>\n\n\n\n<div class=\"wp-block-column is-layout-flow wp-block-column-is-layout-flow\">\n<h1 class=\"wp-block-heading\">Sat\u00e9<\/h1>\n\n\n\n<p style=\"font-size:18px\">Le Seitan Sat\u00e9 se compose de petits morceaux de seitan enfil\u00e9s sur une pique, pass\u00e9s dans une p\u00e2te d\u00e9licieusement \u00e9pic\u00e9e puis frits afin de prendre une texture bien croustillante.<\/p>\n\n\n\n<div style=\"height:30px\" aria-hidden=\"true\" class=\"wp-block-spacer\"><\/div>\n\n\n\n<h2 class=\"wp-block-heading\">Ingr\u00e9dients<\/h2>\n\n\n\n<p>Seitan* (farine de bl\u00e9*, shoyu* (eau, f\u00e8ves de soja*, bl\u00e9*, sel marin), gingembre*, kombu*, \u00e9pices*), eau, farine de riz*, farine de bl\u00e9* , huile de tournesol*, \u00e9pices*, shoyu* (eau, f\u00e8ves de soja*, bl\u00e9*, sel marin), herbes*, poudres \u00e0 lever (bicarbonate de sodium), sel marin<br>*= bio certifi\u00e9<\/p>\n\n\n\n<p>&nbsp;<\/p>\n\n\n\n<div style=\"height:30px\" aria-hidden=\"true\" class=\"wp-block-spacer\"><\/div>\n\n\n\n<h2 class=\"wp-block-heading\">Allerg\u00e8nes<\/h2>\n\n\n\n<p>Bl\u00e9, soja<br>Peut contenir traces de s\u00e9same et d&#8217;avoine.<\/p>\n\n\n\n<div style=\"height:30px\" aria-hidden=\"true\" class=\"wp-block-spacer\"><\/div>\n\n\n\n<h2 class=\"wp-block-heading\">Pr\u00e9paration<\/h2>\n\n\n\n<p>Le Seitan Sat\u00e9 est d\u00e9j\u00e0 cuit. Il suffit donc de le r\u00e9chauffer. Le plus simple est de le passer 10\u202fminutes au four \u00e0 180\u202f\u00b0C sans ajouter d\u2019huile. Vous pouvez aussi le po\u00ealer \u00e0 feu moyen, toujours sans huile. Retournez r\u00e9guli\u00e8rement le sat\u00e9 pour qu\u2019il n\u2019attache pas. Vous pouvez \u00e9galement le frire.&nbsp;&nbsp;<\/p>\n<\/div>\n<\/div>\n","protected":false},"featured_media":681,"parent":349,"menu_order":0,"template":"","producttype":[],"class_list":["post-682","product","type-product","status-publish","has-post-thumbnail","hentry"],"acf":[],"_links":{"self":[{"href":"https:\/\/maya-seitan.be\/fr\/wp-json\/wp\/v2\/product\/682","targetHints":{"allow":["GET"]}}],"collection":[{"href":"https:\/\/maya-seitan.be\/fr\/wp-json\/wp\/v2\/product"}],"about":[{"href":"https:\/\/maya-seitan.be\/fr\/wp-json\/wp\/v2\/types\/product"}],"up":[{"embeddable":true,"href":"https:\/\/maya-seitan.be\/fr\/wp-json\/wp\/v2\/product\/349"}],"wp:featuredmedia":[{"embeddable":true,"href":"https:\/\/maya-seitan.be\/fr\/wp-json\/wp\/v2\/media\/681"}],"wp:attachment":[{"href":"https:\/\/maya-seitan.be\/fr\/wp-json\/wp\/v2\/media?parent=682"}],"wp:term":[{"taxonomy":"producttype","embeddable":true,"href":"https:\/\/maya-seitan.be\/fr\/wp-json\/wp\/v2\/producttype?post=682"}],"curies":[{"name":"wp","href":"https:\/\/api.w.org\/{rel}","templated":true}]}}