{"id":358,"date":"2021-10-25T12:27:47","date_gmt":"2021-10-25T12:27:47","guid":{"rendered":"http:\/\/maya.local\/product\/tomaat\/nature\/"},"modified":"2022-02-23T09:12:44","modified_gmt":"2022-02-23T09:12:44","slug":"nature","status":"publish","type":"product","link":"https:\/\/maya-seitan.be\/fr\/produit\/croquette\/nature\/","title":{"rendered":"Nature"},"content":{"rendered":"\n<div class=\"wp-block-columns is-layout-flex wp-container-core-columns-is-layout-9d6595d7 wp-block-columns-is-layout-flex\">\n<div class=\"wp-block-column is-layout-flow wp-block-column-is-layout-flow\">\n\n\n<p class=\"has-text-align-center gutenslider-content-initial has-larger-font-size\"><\/p>\n\n\n\n\n\n<p class=\"has-text-align-center gutenslider-content-initial has-larger-font-size\"><\/p>\n\n\n\n\n\n<p class=\"has-text-align-center gutenslider-content-initial has-larger-font-size\"><\/p>\n\n\n<\/div>\n\n\n\n<div class=\"wp-block-column is-layout-flow wp-block-column-is-layout-flow\">\n<h1 class=\"wp-block-heading\">Croquette<\/h1>\n\n\n\n<p style=\"font-size:18px\">La Croquette fa\u00e7onn\u00e9e en forme de petite saucisse d\u00e9borde de seitan et de millet cuit, est assaisonn\u00e9e au s\u00e9same et au tahin et l\u00e9g\u00e8rement \u00e9pic\u00e9e. Les enfants raffolent de sa saveur douce.<\/p>\n\n\n\n<div style=\"height:30px\" aria-hidden=\"true\" class=\"wp-block-spacer\"><\/div>\n\n\n\n<h2 class=\"wp-block-heading\">Ingr\u00e9dients<\/h2>\n\n\n\n<p>Seitan*62% (farine de bl\u00e9*,&nbsp;shoyu* (eau, f\u00e8ves de soja*, bl\u00e9*, sel marin), gingembre*,&nbsp;kombu*, \u00e9pices*), millet*, flocons de sarrasin*, graines de s\u00e9same*, cr\u00e8me de s\u00e9same* (graines de s\u00e9same*, sel marin), cr\u00e8me d&#8217;avoine*, oignon*, sel marin, \u00e9pices*, huile de tournesol* (*=&nbsp;bio certifi\u00e9)&nbsp;<\/p>\n\n\n\n<div style=\"height:30px\" aria-hidden=\"true\" class=\"wp-block-spacer\"><\/div>\n\n\n\n<h2 class=\"wp-block-heading\">Allerg\u00e8nes<\/h2>\n\n\n\n<p>Bl\u00e9, soja, s\u00e9same, avoine.&nbsp;<\/p>\n\n\n\n<div style=\"height:30px\" aria-hidden=\"true\" class=\"wp-block-spacer\"><\/div>\n\n\n\n<h2 class=\"wp-block-heading\">Pr\u00e9paration<\/h2>\n\n\n\n<p>Le plus simple est de r\u00e9chauffer la Croquette au four 10\u202fminutes \u00e0 180\u202f\u00b0C. Vous pouvez aussi la po\u00ealer \u00e0 feu moyen. Retournez r\u00e9guli\u00e8rement la Croquette pour qu\u2019elle n\u2019attache pas. Vous ne devez pas ajouter d\u2019huile. En effet, la chaleur en fait sortir suffisamment de la Croquette. Vous pouvez \u00e9galement la frire. Quel que soit le mode de cuisson, veillez \u00e0 ce que la Croquette soit bien chaude \u00e0 l\u2019int\u00e9rieur aussi. Cela donne une consistance d\u00e9licieusement onctueuse au millet qu\u2019elle contient.<br>La Croquette convient parfaitement au barbecue. Ne la posez pas directement au-dessus des braises br\u00fblantes, mais sur le c\u00f4t\u00e9 et retournez-la r\u00e9guli\u00e8rement. Il faut uniquement la r\u00e9chauffer et lui donner du croquant.<\/p>\n\n\n\n<p>&nbsp;<\/p>\n<\/div>\n<\/div>\n","protected":false},"featured_media":670,"parent":345,"menu_order":0,"template":"","producttype":[],"class_list":["post-358","product","type-product","status-publish","has-post-thumbnail","hentry"],"acf":[],"_links":{"self":[{"href":"https:\/\/maya-seitan.be\/fr\/wp-json\/wp\/v2\/product\/358","targetHints":{"allow":["GET"]}}],"collection":[{"href":"https:\/\/maya-seitan.be\/fr\/wp-json\/wp\/v2\/product"}],"about":[{"href":"https:\/\/maya-seitan.be\/fr\/wp-json\/wp\/v2\/types\/product"}],"up":[{"embeddable":true,"href":"https:\/\/maya-seitan.be\/fr\/wp-json\/wp\/v2\/product\/345"}],"wp:featuredmedia":[{"embeddable":true,"href":"https:\/\/maya-seitan.be\/fr\/wp-json\/wp\/v2\/media\/670"}],"wp:attachment":[{"href":"https:\/\/maya-seitan.be\/fr\/wp-json\/wp\/v2\/media?parent=358"}],"wp:term":[{"taxonomy":"producttype","embeddable":true,"href":"https:\/\/maya-seitan.be\/fr\/wp-json\/wp\/v2\/producttype?post=358"}],"curies":[{"name":"wp","href":"https:\/\/api.w.org\/{rel}","templated":true}]}}