{"id":356,"date":"2021-10-24T12:21:08","date_gmt":"2021-10-24T12:21:08","guid":{"rendered":"http:\/\/maya.local\/product\/tempeh\/spelt\/"},"modified":"2022-02-23T09:15:54","modified_gmt":"2022-02-23T09:15:54","slug":"spelt","status":"publish","type":"product","link":"https:\/\/maya-seitan.be\/fr\/produit\/seitan\/spelt\/","title":{"rendered":"\u00c9peautre"},"content":{"rendered":"\n<div class=\"wp-block-columns is-layout-flex wp-container-core-columns-is-layout-1 wp-block-columns-is-layout-flex\">\n<div class=\"wp-block-column is-layout-flow wp-block-column-is-layout-flow\"><div id=\"gutenslider-pzh0yv8ow\" class=\"wp-block-eedee-block-gutenslider gs-frontend content-fixed alignnone arrow-style-1 arrow-position-sides arrow-mb-none arrows-lg-none arrows-md-none arrows-sm-none dot-style-1 dots-lg dots-md dots-sm dot-position-bottom is-position-center-center mb-none wrap-auto-height\" style=\"--gutenslider-min-height: 450px;--gutenslider-arrow-size: 30px;--gutenslider-dot-size: 25px;--gutenslider-arrow-color: #ffffff;--gutenslider-dot-color: #ffffff;--gutenslider-padding-y-mobile: 40px;--gutenslider-padding-x-mobile: 40px;--gutenslider-padding-y-tablet: 40px;--gutenslider-padding-x-tablet: 40px;--gutenslider-padding-y-desktop: 40px;--gutenslider-padding-x-desktop: 40px;--gutenslider-bg-image: url();--gutenslider-min-height-md: 50vh;--gutenslider-min-height-sm: 50vh;--gutenslider-padding-x: 40px;--gutenslider-padding-x-md: 40px;--gutenslider-padding-x-sm: 20px;--gutenslider-padding-y: 40px;--gutenslider-padding-y-md: 40px;--gutenslider-padding-y-sm: 20px;--gutenslider-arrow-size-md: 30px;--gutenslider-arrow-size-sm: 30px;--gutenslider-dot-size-md: 25px;--gutenslider-dot-size-sm: 25px;--gutenslider-arrow-bg-color: transparent;--gutenslider-arrow-hover-color: #eeeeee;--gutenslider-arrow-bg-hover-color: transparent;--gutenslider-arrow-x-offset: 10px;--gutenslider-arrow-x-offset-md: 10px;--gutenslider-arrow-x-offset-sm: 10px;--gutenslider-arrow-y-offset: 0px;--gutenslider-arrow-y-offset-md: 0px;--gutenslider-arrow-y-offset-sm: 0px;--gutenslider-arrow-x-spacing: 0px;--gutenslider-dot-y-offset: 10px;--gutenslider-dot-y-offset-md: 10px;--gutenslider-dot-y-offset-sm: 10px;--gutenslider-margin-x: 0px;--gutenslider-margin-x-md: 0px;--gutenslider-margin-x-sm: 0px;--gutenslider-margin-y: 0px;--gutenslider-margin-y-md: 0px;--gutenslider-margin-y-sm: 0px;--gutenslider-divider-top: 60px;--gutenslider-divider-bottom: 60px;--gutenslider-lightgallery-bg: #ffffff;--gutenslider-lightgallery-font: #000000;--gs-first-pos: 50% 50%;--gs-gap-vertical: var( --wp--style--gallery-gap-default, var( --gallery-block--gutter-size, var( --wp--style--block-gap, 0.5em ) ) );--gs-gap-horizontal: var( --wp--style--gallery-gap-default, var( --gallery-block--gutter-size, var( --wp--style--block-gap, 0.5em ) ) );\" data-parallax-direction=\"down\" data-parallax-amount=\"1.3\" data-lg-transition=\"lg-slide\" data-hash=\"\"><div class=\"eedee-swiper-outer\"><div class=\"gutenslider-divider-top\" style=\"color:#fff;\"><\/div><div class=\"swiper\" data-settings='{\"autoplay\":false,\"speed\":700,\"direction\":\"horizontal\",\"autoHeight\":\"\",\"loop\":false,\"centeredSlides\":true,\"spaceBetween\":0,\"slidesPerView\":1,\"slidesPerGroup\":1,\"effect\":\"slide\",\"coverflowEffect\":{\"rotate\":30,\"slideShadows\":false,\"depth\":100,\"stretch\":50,\"modifier\":1},\"fadeEffect\":{\"crossFade\":true},\"zoom\":\"\",\"navigation\":{\"nextEl\":\"#gutenslider-pzh0yv8ow .eedee-gutenslider-next\",\"prevEl\":\"#gutenslider-pzh0yv8ow .eedee-gutenslider-prev\"},\"pagination\":{\"type\":\"bullets\",\"clickable\":true,\"dynamicBullets\":false,\"el\":\"#gutenslider-pzh0yv8ow .eedee-gutenslider-pagination\"},\"pauseOnHover\":\"1\",\"watchSlidesProgress\":true,\"watchSlidesVisibility\":true,\"settingsMd\":{\"autoHeight\":\"\",\"slidesPerView\":1,\"slidesPerGroup\":1,\"spaceBetween\":0,\"loop\":false},\"settingsLg\":{\"autoHeight\":\"\",\"slidesPerView\":1,\"slidesPerGroup\":1,\"spaceBetween\":0,\"loop\":false},\"hasLg\":false,\"hasLgCounter\":true,\"isFullScreen\":false,\"arrowsFollowMouse\":false,\"lgTitle\":\"none\",\"lgCaption\":\"none\",\"lgThumbnails\":true,\"lgZoomEnabled\":false,\"keyboard\":{\"keyboard\":{\"enabled\":true,\"onlyInViewport\":true}},\"hashNavigation\":false,\"dividers\":false}'><div class=\"swiper-wrapper\">\n<div class=\"swiper-slide wp-block-eedee-block-gutenslide is-position-center-center ed-bg-image\" style=\"--ed-vw:300;--ed-vh:300;\" data-hash=\"\"><div class=\"eedee-background-div bg-image\"><img loading=\"lazy\" width=\"2500\" height=\"2500\" class=\"wp-image-647\" src=\"https:\/\/maya-seitan.be\/wp-content\/uploads\/2021\/10\/seitan_spelt_blok_packshot_2500px.jpg\" alt=\"seitan spelt blok packshot\" decoding=\"async\" style=\"object-fit: cover; object-position: 50% 50%;\"  data-caption=\"seitan spelt blok packshot\" data-title=\"seitan_spelt_blok_packshot_2500px\" data-description=\"seitan spelt blok packshot\" srcset=\"https:\/\/maya-seitan.be\/\/wp-content\/uploads\/2021\/10\/seitan_spelt_blok_packshot_2500px.jpg 2500w, https:\/\/maya-seitan.be\/\/wp-content\/uploads\/2021\/10\/seitan_spelt_blok_packshot_2500px-300x300.jpg 300w, https:\/\/maya-seitan.be\/\/wp-content\/uploads\/2021\/10\/seitan_spelt_blok_packshot_2500px-1024x1024.jpg 1024w, https:\/\/maya-seitan.be\/\/wp-content\/uploads\/2021\/10\/seitan_spelt_blok_packshot_2500px-150x150.jpg 150w, https:\/\/maya-seitan.be\/\/wp-content\/uploads\/2021\/10\/seitan_spelt_blok_packshot_2500px-768x768.jpg 768w, https:\/\/maya-seitan.be\/\/wp-content\/uploads\/2021\/10\/seitan_spelt_blok_packshot_2500px-1600x1600.jpg 1600w, https:\/\/maya-seitan.be\/\/wp-content\/uploads\/2021\/10\/seitan_spelt_blok_packshot_2500px-1536x1536.jpg 1536w, https:\/\/maya-seitan.be\/\/wp-content\/uploads\/2021\/10\/seitan_spelt_blok_packshot_2500px-2048x2048.jpg 2048w\" sizes=\"auto, (max-width: 2500px) 100vw, 2500px\" \/><div class=\"eedee-background-div__overlay\" style=\"opacity:1;\"><\/div><\/div><div class=\"slide-content\">\n\n<p class=\"has-text-align-center gutenslider-content-initial has-larger-font-size\"><\/p>\n\n<\/div><\/div>\n\n<div class=\"swiper-slide wp-block-eedee-block-gutenslide is-position-center-center ed-bg-image\" style=\"--ed-vw:300;--ed-vh:300;\" data-hash=\"\"><div class=\"eedee-background-div bg-image\"><img loading=\"lazy\" width=\"2500\" height=\"2500\" class=\"wp-image-962\" src=\"https:\/\/maya-seitan.be\/wp-content\/uploads\/2022\/01\/sevenkel2_W.jpg\" alt=\"\" decoding=\"async\" style=\"object-fit: cover; object-position: 50% 50%;\"  data-title=\"sevenkel2_W\" srcset=\"https:\/\/maya-seitan.be\/\/wp-content\/uploads\/2022\/01\/sevenkel2_W.jpg 2500w, https:\/\/maya-seitan.be\/\/wp-content\/uploads\/2022\/01\/sevenkel2_W-300x300.jpg 300w, https:\/\/maya-seitan.be\/\/wp-content\/uploads\/2022\/01\/sevenkel2_W-1024x1024.jpg 1024w, https:\/\/maya-seitan.be\/\/wp-content\/uploads\/2022\/01\/sevenkel2_W-150x150.jpg 150w, https:\/\/maya-seitan.be\/\/wp-content\/uploads\/2022\/01\/sevenkel2_W-768x768.jpg 768w, https:\/\/maya-seitan.be\/\/wp-content\/uploads\/2022\/01\/sevenkel2_W-1600x1600.jpg 1600w, https:\/\/maya-seitan.be\/\/wp-content\/uploads\/2022\/01\/sevenkel2_W-1536x1536.jpg 1536w, https:\/\/maya-seitan.be\/\/wp-content\/uploads\/2022\/01\/sevenkel2_W-2048x2048.jpg 2048w\" sizes=\"auto, (max-width: 2500px) 100vw, 2500px\" \/><div class=\"eedee-background-div__overlay\" style=\"opacity:1;\"><\/div><\/div><div class=\"slide-content\">\n\n<p class=\"has-text-align-center gutenslider-content-initial has-larger-font-size\"><\/p>\n\n<\/div><\/div>\n\n<div class=\"swiper-slide wp-block-eedee-block-gutenslide is-position-center-center ed-bg-image\" style=\"--ed-vw:300;--ed-vh:300;\" data-hash=\"\"><div class=\"eedee-background-div bg-image\"><img loading=\"lazy\" width=\"2500\" height=\"2500\" class=\"wp-image-942\" src=\"https:\/\/maya-seitan.be\/wp-content\/uploads\/2022\/01\/sebladerd_W.jpg\" alt=\"\" decoding=\"async\" style=\"object-fit: cover; object-position: 50% 50%;\"  data-title=\"sebladerd_W\" srcset=\"https:\/\/maya-seitan.be\/\/wp-content\/uploads\/2022\/01\/sebladerd_W.jpg 2500w, https:\/\/maya-seitan.be\/\/wp-content\/uploads\/2022\/01\/sebladerd_W-300x300.jpg 300w, https:\/\/maya-seitan.be\/\/wp-content\/uploads\/2022\/01\/sebladerd_W-1024x1024.jpg 1024w, https:\/\/maya-seitan.be\/\/wp-content\/uploads\/2022\/01\/sebladerd_W-150x150.jpg 150w, https:\/\/maya-seitan.be\/\/wp-content\/uploads\/2022\/01\/sebladerd_W-768x768.jpg 768w, https:\/\/maya-seitan.be\/\/wp-content\/uploads\/2022\/01\/sebladerd_W-1600x1600.jpg 1600w, https:\/\/maya-seitan.be\/\/wp-content\/uploads\/2022\/01\/sebladerd_W-1536x1536.jpg 1536w, https:\/\/maya-seitan.be\/\/wp-content\/uploads\/2022\/01\/sebladerd_W-2048x2048.jpg 2048w\" sizes=\"auto, (max-width: 2500px) 100vw, 2500px\" \/><div class=\"eedee-background-div__overlay\" style=\"opacity:1;\"><\/div><\/div><div class=\"slide-content\">\n\n<p class=\"has-text-align-center gutenslider-content-initial has-larger-font-size\"><\/p>\n\n<\/div><\/div>\n\n<div class=\"swiper-slide wp-block-eedee-block-gutenslide is-position-center-center ed-bg-image\" style=\"--ed-vw:300;--ed-vh:300;\" data-hash=\"\"><div class=\"eedee-background-div bg-image\"><img loading=\"lazy\" width=\"2500\" height=\"2500\" class=\"wp-image-924\" src=\"https:\/\/maya-seitan.be\/wp-content\/uploads\/2022\/01\/paprika-seitan001_W.jpg\" alt=\"\" decoding=\"async\" style=\"object-fit: cover; object-position: 50% 50%;\"  data-title=\"paprika seitan001_W\" srcset=\"https:\/\/maya-seitan.be\/\/wp-content\/uploads\/2022\/01\/paprika-seitan001_W.jpg 2500w, https:\/\/maya-seitan.be\/\/wp-content\/uploads\/2022\/01\/paprika-seitan001_W-300x300.jpg 300w, https:\/\/maya-seitan.be\/\/wp-content\/uploads\/2022\/01\/paprika-seitan001_W-1024x1024.jpg 1024w, https:\/\/maya-seitan.be\/\/wp-content\/uploads\/2022\/01\/paprika-seitan001_W-150x150.jpg 150w, https:\/\/maya-seitan.be\/\/wp-content\/uploads\/2022\/01\/paprika-seitan001_W-768x768.jpg 768w, https:\/\/maya-seitan.be\/\/wp-content\/uploads\/2022\/01\/paprika-seitan001_W-1600x1600.jpg 1600w, https:\/\/maya-seitan.be\/\/wp-content\/uploads\/2022\/01\/paprika-seitan001_W-1536x1536.jpg 1536w, https:\/\/maya-seitan.be\/\/wp-content\/uploads\/2022\/01\/paprika-seitan001_W-2048x2048.jpg 2048w\" sizes=\"auto, (max-width: 2500px) 100vw, 2500px\" \/><div class=\"eedee-background-div__overlay\" style=\"opacity:1;\"><\/div><\/div><div class=\"slide-content\">\n\n<p class=\"has-text-align-center gutenslider-content-initial has-larger-font-size\"><\/p>\n\n<\/div><\/div>\n\n<div class=\"swiper-slide wp-block-eedee-block-gutenslide is-position-center-center ed-bg-image\" style=\"--ed-vw:300;--ed-vh:300;\" data-hash=\"\"><div class=\"eedee-background-div bg-image\"><img loading=\"lazy\" width=\"2500\" height=\"2500\" class=\"wp-image-950\" src=\"https:\/\/maya-seitan.be\/wp-content\/uploads\/2022\/01\/seitanpolenta_W.jpg\" alt=\"\" decoding=\"async\" style=\"object-fit: cover; object-position: 50% 50%;\"  data-title=\"seitanpolenta_W\" srcset=\"https:\/\/maya-seitan.be\/\/wp-content\/uploads\/2022\/01\/seitanpolenta_W.jpg 2500w, https:\/\/maya-seitan.be\/\/wp-content\/uploads\/2022\/01\/seitanpolenta_W-300x300.jpg 300w, https:\/\/maya-seitan.be\/\/wp-content\/uploads\/2022\/01\/seitanpolenta_W-1024x1024.jpg 1024w, https:\/\/maya-seitan.be\/\/wp-content\/uploads\/2022\/01\/seitanpolenta_W-150x150.jpg 150w, https:\/\/maya-seitan.be\/\/wp-content\/uploads\/2022\/01\/seitanpolenta_W-768x768.jpg 768w, https:\/\/maya-seitan.be\/\/wp-content\/uploads\/2022\/01\/seitanpolenta_W-1600x1600.jpg 1600w, https:\/\/maya-seitan.be\/\/wp-content\/uploads\/2022\/01\/seitanpolenta_W-1536x1536.jpg 1536w, https:\/\/maya-seitan.be\/\/wp-content\/uploads\/2022\/01\/seitanpolenta_W-2048x2048.jpg 2048w\" sizes=\"auto, (max-width: 2500px) 100vw, 2500px\" \/><div class=\"eedee-background-div__overlay\" style=\"opacity:1;\"><\/div><\/div><div class=\"slide-content\">\n\n<p class=\"has-text-align-center gutenslider-content-initial has-larger-font-size\"><\/p>\n\n<\/div><\/div>\n<\/div><\/div><div class=\"wp-block-eedee-gutenslider__content co-1\">\n<div class=\"swiper-slide wp-block-eedee-block-gutenslide is-position-center-center ed-bg-image\" style=\"--ed-vw:300;--ed-vh:300;\" data-hash=\"\"><div class=\"eedee-background-div bg-image\"><img loading=\"lazy\" width=\"2500\" height=\"2500\" class=\"wp-image-647\" src=\"https:\/\/maya-seitan.be\/wp-content\/uploads\/2021\/10\/seitan_spelt_blok_packshot_2500px.jpg\" alt=\"seitan spelt blok packshot\" decoding=\"async\" style=\"object-fit: cover; object-position: 50% 50%;\"  data-caption=\"seitan spelt blok packshot\" data-title=\"seitan_spelt_blok_packshot_2500px\" data-description=\"seitan spelt blok packshot\" srcset=\"https:\/\/maya-seitan.be\/\/wp-content\/uploads\/2021\/10\/seitan_spelt_blok_packshot_2500px.jpg 2500w, https:\/\/maya-seitan.be\/\/wp-content\/uploads\/2021\/10\/seitan_spelt_blok_packshot_2500px-300x300.jpg 300w, https:\/\/maya-seitan.be\/\/wp-content\/uploads\/2021\/10\/seitan_spelt_blok_packshot_2500px-1024x1024.jpg 1024w, https:\/\/maya-seitan.be\/\/wp-content\/uploads\/2021\/10\/seitan_spelt_blok_packshot_2500px-150x150.jpg 150w, https:\/\/maya-seitan.be\/\/wp-content\/uploads\/2021\/10\/seitan_spelt_blok_packshot_2500px-768x768.jpg 768w, https:\/\/maya-seitan.be\/\/wp-content\/uploads\/2021\/10\/seitan_spelt_blok_packshot_2500px-1600x1600.jpg 1600w, https:\/\/maya-seitan.be\/\/wp-content\/uploads\/2021\/10\/seitan_spelt_blok_packshot_2500px-1536x1536.jpg 1536w, https:\/\/maya-seitan.be\/\/wp-content\/uploads\/2021\/10\/seitan_spelt_blok_packshot_2500px-2048x2048.jpg 2048w\" sizes=\"auto, (max-width: 2500px) 100vw, 2500px\" \/><div class=\"eedee-background-div__overlay\" style=\"opacity:1;\"><\/div><\/div><div class=\"slide-content\">\n\n<p class=\"has-text-align-center gutenslider-content-initial has-larger-font-size\"><\/p>\n\n<\/div><\/div>\n\n<div class=\"swiper-slide wp-block-eedee-block-gutenslide is-position-center-center ed-bg-image\" style=\"--ed-vw:300;--ed-vh:300;\" data-hash=\"\"><div class=\"eedee-background-div bg-image\"><img loading=\"lazy\" width=\"2500\" height=\"2500\" class=\"wp-image-962\" src=\"https:\/\/maya-seitan.be\/wp-content\/uploads\/2022\/01\/sevenkel2_W.jpg\" alt=\"\" decoding=\"async\" style=\"object-fit: cover; object-position: 50% 50%;\"  data-title=\"sevenkel2_W\" srcset=\"https:\/\/maya-seitan.be\/\/wp-content\/uploads\/2022\/01\/sevenkel2_W.jpg 2500w, https:\/\/maya-seitan.be\/\/wp-content\/uploads\/2022\/01\/sevenkel2_W-300x300.jpg 300w, https:\/\/maya-seitan.be\/\/wp-content\/uploads\/2022\/01\/sevenkel2_W-1024x1024.jpg 1024w, https:\/\/maya-seitan.be\/\/wp-content\/uploads\/2022\/01\/sevenkel2_W-150x150.jpg 150w, https:\/\/maya-seitan.be\/\/wp-content\/uploads\/2022\/01\/sevenkel2_W-768x768.jpg 768w, https:\/\/maya-seitan.be\/\/wp-content\/uploads\/2022\/01\/sevenkel2_W-1600x1600.jpg 1600w, https:\/\/maya-seitan.be\/\/wp-content\/uploads\/2022\/01\/sevenkel2_W-1536x1536.jpg 1536w, https:\/\/maya-seitan.be\/\/wp-content\/uploads\/2022\/01\/sevenkel2_W-2048x2048.jpg 2048w\" sizes=\"auto, (max-width: 2500px) 100vw, 2500px\" \/><div class=\"eedee-background-div__overlay\" style=\"opacity:1;\"><\/div><\/div><div class=\"slide-content\">\n\n<p class=\"has-text-align-center gutenslider-content-initial has-larger-font-size\"><\/p>\n\n<\/div><\/div>\n\n<div class=\"swiper-slide wp-block-eedee-block-gutenslide is-position-center-center ed-bg-image\" style=\"--ed-vw:300;--ed-vh:300;\" data-hash=\"\"><div class=\"eedee-background-div bg-image\"><img loading=\"lazy\" width=\"2500\" height=\"2500\" class=\"wp-image-942\" src=\"https:\/\/maya-seitan.be\/wp-content\/uploads\/2022\/01\/sebladerd_W.jpg\" alt=\"\" decoding=\"async\" style=\"object-fit: cover; object-position: 50% 50%;\"  data-title=\"sebladerd_W\" srcset=\"https:\/\/maya-seitan.be\/\/wp-content\/uploads\/2022\/01\/sebladerd_W.jpg 2500w, https:\/\/maya-seitan.be\/\/wp-content\/uploads\/2022\/01\/sebladerd_W-300x300.jpg 300w, https:\/\/maya-seitan.be\/\/wp-content\/uploads\/2022\/01\/sebladerd_W-1024x1024.jpg 1024w, https:\/\/maya-seitan.be\/\/wp-content\/uploads\/2022\/01\/sebladerd_W-150x150.jpg 150w, https:\/\/maya-seitan.be\/\/wp-content\/uploads\/2022\/01\/sebladerd_W-768x768.jpg 768w, https:\/\/maya-seitan.be\/\/wp-content\/uploads\/2022\/01\/sebladerd_W-1600x1600.jpg 1600w, https:\/\/maya-seitan.be\/\/wp-content\/uploads\/2022\/01\/sebladerd_W-1536x1536.jpg 1536w, https:\/\/maya-seitan.be\/\/wp-content\/uploads\/2022\/01\/sebladerd_W-2048x2048.jpg 2048w\" sizes=\"auto, (max-width: 2500px) 100vw, 2500px\" \/><div class=\"eedee-background-div__overlay\" style=\"opacity:1;\"><\/div><\/div><div class=\"slide-content\">\n\n<p class=\"has-text-align-center gutenslider-content-initial has-larger-font-size\"><\/p>\n\n<\/div><\/div>\n\n<div class=\"swiper-slide wp-block-eedee-block-gutenslide is-position-center-center ed-bg-image\" style=\"--ed-vw:300;--ed-vh:300;\" data-hash=\"\"><div class=\"eedee-background-div bg-image\"><img loading=\"lazy\" width=\"2500\" height=\"2500\" class=\"wp-image-924\" src=\"https:\/\/maya-seitan.be\/wp-content\/uploads\/2022\/01\/paprika-seitan001_W.jpg\" alt=\"\" decoding=\"async\" style=\"object-fit: cover; object-position: 50% 50%;\"  data-title=\"paprika seitan001_W\" srcset=\"https:\/\/maya-seitan.be\/\/wp-content\/uploads\/2022\/01\/paprika-seitan001_W.jpg 2500w, https:\/\/maya-seitan.be\/\/wp-content\/uploads\/2022\/01\/paprika-seitan001_W-300x300.jpg 300w, https:\/\/maya-seitan.be\/\/wp-content\/uploads\/2022\/01\/paprika-seitan001_W-1024x1024.jpg 1024w, https:\/\/maya-seitan.be\/\/wp-content\/uploads\/2022\/01\/paprika-seitan001_W-150x150.jpg 150w, https:\/\/maya-seitan.be\/\/wp-content\/uploads\/2022\/01\/paprika-seitan001_W-768x768.jpg 768w, https:\/\/maya-seitan.be\/\/wp-content\/uploads\/2022\/01\/paprika-seitan001_W-1600x1600.jpg 1600w, https:\/\/maya-seitan.be\/\/wp-content\/uploads\/2022\/01\/paprika-seitan001_W-1536x1536.jpg 1536w, https:\/\/maya-seitan.be\/\/wp-content\/uploads\/2022\/01\/paprika-seitan001_W-2048x2048.jpg 2048w\" sizes=\"auto, (max-width: 2500px) 100vw, 2500px\" \/><div class=\"eedee-background-div__overlay\" style=\"opacity:1;\"><\/div><\/div><div class=\"slide-content\">\n\n<p class=\"has-text-align-center gutenslider-content-initial has-larger-font-size\"><\/p>\n\n<\/div><\/div>\n\n<div class=\"swiper-slide wp-block-eedee-block-gutenslide is-position-center-center ed-bg-image\" style=\"--ed-vw:300;--ed-vh:300;\" data-hash=\"\"><div class=\"eedee-background-div bg-image\"><img loading=\"lazy\" width=\"2500\" height=\"2500\" class=\"wp-image-950\" src=\"https:\/\/maya-seitan.be\/wp-content\/uploads\/2022\/01\/seitanpolenta_W.jpg\" alt=\"\" decoding=\"async\" style=\"object-fit: cover; object-position: 50% 50%;\"  data-title=\"seitanpolenta_W\" srcset=\"https:\/\/maya-seitan.be\/\/wp-content\/uploads\/2022\/01\/seitanpolenta_W.jpg 2500w, https:\/\/maya-seitan.be\/\/wp-content\/uploads\/2022\/01\/seitanpolenta_W-300x300.jpg 300w, https:\/\/maya-seitan.be\/\/wp-content\/uploads\/2022\/01\/seitanpolenta_W-1024x1024.jpg 1024w, https:\/\/maya-seitan.be\/\/wp-content\/uploads\/2022\/01\/seitanpolenta_W-150x150.jpg 150w, https:\/\/maya-seitan.be\/\/wp-content\/uploads\/2022\/01\/seitanpolenta_W-768x768.jpg 768w, https:\/\/maya-seitan.be\/\/wp-content\/uploads\/2022\/01\/seitanpolenta_W-1600x1600.jpg 1600w, https:\/\/maya-seitan.be\/\/wp-content\/uploads\/2022\/01\/seitanpolenta_W-1536x1536.jpg 1536w, https:\/\/maya-seitan.be\/\/wp-content\/uploads\/2022\/01\/seitanpolenta_W-2048x2048.jpg 2048w\" sizes=\"auto, (max-width: 2500px) 100vw, 2500px\" \/><div class=\"eedee-background-div__overlay\" style=\"opacity:1;\"><\/div><\/div><div class=\"slide-content\">\n\n<p class=\"has-text-align-center gutenslider-content-initial has-larger-font-size\"><\/p>\n\n<\/div><\/div>\n<\/div><button class=\"eedee-gutenslider-nav eedee-gutenslider-prev\"><svg xmlns=\"http:\/\/www.w3.org\/2000\/svg\" viewBox=\"0 0 24 24\" width=\"24\" height=\"24\"><circle class=\"bg\" cx=\"13\" cy=\"12\" r=\"11\" \/><path fill=\"none\" d=\"M0 0h24v24H0z\"\/><path class=\"arrow\" d=\"M10.828 12l4.95 4.95-1.414 1.414L8 12l6.364-6.364 1.414 1.414z\"\/><\/svg><\/button><button class=\"eedee-gutenslider-nav eedee-gutenslider-next\"><svg xmlns=\"http:\/\/www.w3.org\/2000\/svg\" viewBox=\"0 0 24 24\" width=\"24\" height=\"24\"><circle class=\"bg\" cx=\"11\" cy=\"12\" r=\"11\" \/><path fill=\"none\" d=\"M0 0h24v24H0z\"\/><path class=\"arrow\" d=\"M13.172 12l-4.95-4.95 1.414-1.414L16 12l-6.364 6.364-1.414-1.414z\"\/><\/svg><\/button><div class=\"eedee-gutenslider-pagination\"><\/div><\/div><div class=\"gutenslider-divider-bottom \" style=\"color:#fff;\"><\/div><\/div><\/div>\n\n\n\n<div class=\"wp-block-column is-layout-flow wp-block-column-is-layout-flow\">\n<h1 class=\"wp-block-heading\">Seitan d&#8217;\u00e9peautre<\/h1>\n\n\n\n<p>Le seitan d\u2019\u00e9peautre est plus digeste que le seitan de bl\u00e9. Beaucoup de personnes sensibles au gluten de bl\u00e9 le dig\u00e8rent d\u2019ailleurs bien. Il a toutefois une texture un peu plus fibreuse en bouche que le seitan de bl\u00e9. Le seitan d\u2019\u00e9peautre a une teneur \u00e9lev\u00e9e en prot\u00e9ines (+\/- 20\u202f%, soit un peu moins que le seitan (de bl\u00e9) ordinaire), contient peu de graisses insatur\u00e9es (0,45\u202f%) et aucun cholest\u00e9rol.<br>Notre seitan d\u2019\u00e9peautre est fabriqu\u00e9 avec une farine d\u2019\u00e9peautre bio riche en prot\u00e9ines.<\/p>\n\n\n\n<div style=\"height:30px\" aria-hidden=\"true\" class=\"wp-block-spacer\"><\/div>\n\n\n\n<h2 class=\"wp-block-heading\">Ingr\u00e9dients<\/h2>\n\n\n\n<p>Farine d\u2019\u00e9peautre*, shoyu* (eau, f\u00e8ves de soja*, bl\u00e9*, sel marin), gingembre*, kombu*, \u00e9pices*<br>*= bio certifi\u00e9&nbsp;<\/p>\n\n\n\n<div style=\"height:30px\" aria-hidden=\"true\" class=\"wp-block-spacer\"><\/div>\n\n\n\n<h2 class=\"wp-block-heading\">Allerg\u00e8nes<\/h2>\n\n\n\n<p>\u00c9peautre, soja<br>Peut contenir traces de s\u00e9same et d&#8217;avoine.<\/p>\n\n\n\n<div style=\"height:30px\" aria-hidden=\"true\" class=\"wp-block-spacer\"><\/div>\n\n\n\n<h2 class=\"wp-block-heading\">Pr\u00e9paration<\/h2>\n\n\n\n<p>Le seitan d\u2019\u00e9peautre est polyvalent et facile et rapide \u00e0 pr\u00e9parer. Comme il est d\u00e9j\u00e0 cuit, vous ne devez pas pr\u00e9voir de temps de cuisson suppl\u00e9mentaire. Faites-le dorer \u00e0 la po\u00eale ou int\u00e9grez-le \u00e0 vos plats.<\/p>\n<\/div>\n<\/div>\n","protected":false},"featured_media":648,"parent":350,"menu_order":0,"template":"","producttype":[],"class_list":["post-356","product","type-product","status-publish","has-post-thumbnail","hentry"],"acf":[],"_links":{"self":[{"href":"https:\/\/maya-seitan.be\/fr\/wp-json\/wp\/v2\/product\/356","targetHints":{"allow":["GET"]}}],"collection":[{"href":"https:\/\/maya-seitan.be\/fr\/wp-json\/wp\/v2\/product"}],"about":[{"href":"https:\/\/maya-seitan.be\/fr\/wp-json\/wp\/v2\/types\/product"}],"up":[{"embeddable":true,"href":"https:\/\/maya-seitan.be\/fr\/wp-json\/wp\/v2\/product\/350"}],"wp:featuredmedia":[{"embeddable":true,"href":"https:\/\/maya-seitan.be\/fr\/wp-json\/wp\/v2\/media\/648"}],"wp:attachment":[{"href":"https:\/\/maya-seitan.be\/fr\/wp-json\/wp\/v2\/media?parent=356"}],"wp:term":[{"taxonomy":"producttype","embeddable":true,"href":"https:\/\/maya-seitan.be\/fr\/wp-json\/wp\/v2\/producttype?post=356"}],"curies":[{"name":"wp","href":"https:\/\/api.w.org\/{rel}","templated":true}]}}