{"id":351,"date":"2021-10-25T12:15:46","date_gmt":"2021-10-25T12:15:46","guid":{"rendered":"http:\/\/maya.local\/product\/seitan\/tarwe\/"},"modified":"2022-02-23T09:15:47","modified_gmt":"2022-02-23T09:15:47","slug":"tarwe","status":"publish","type":"product","link":"https:\/\/maya-seitan.be\/fr\/produit\/seitan\/tarwe\/","title":{"rendered":"Bl\u00e9"},"content":{"rendered":"\n<div class=\"wp-block-columns is-layout-flex wp-container-core-columns-is-layout-9d6595d7 wp-block-columns-is-layout-flex\">\n<div class=\"wp-block-column is-layout-flow wp-block-column-is-layout-flow\">\n\n\n<p class=\"has-text-align-center gutenslider-content-initial has-larger-font-size\"><\/p>\n\n\n\n\n\n<p class=\"has-text-align-center gutenslider-content-initial has-larger-font-size\"><\/p>\n\n\n\n\n\n<p class=\"has-text-align-center gutenslider-content-initial has-larger-font-size\"><\/p>\n\n\n\n\n\n<p class=\"has-text-align-center gutenslider-content-initial has-larger-font-size\"><\/p>\n\n\n<\/div>\n\n\n\n<div class=\"wp-block-column is-layout-flow wp-block-column-is-layout-flow\">\n<h1 class=\"wp-block-heading\">Seitan de bl\u00e9<\/h1>\n\n\n\n<p>Le seitan est traditionnellement fabriqu\u00e9 \u00e0 base de bl\u00e9. Le seitan de bl\u00e9 a une teneur \u00e9lev\u00e9e en prot\u00e9ines (22-25\u202f%), ne contient quasiment pas de graisses satur\u00e9es (0,28\u202f%) et aucun cholest\u00e9rol. Super bon pour la sant\u00e9\u202f!<br>Chez Maya, nous produisons du seitan \u00e0 base de farine Manitoba bio et donnons une consistance moelleuse et une riche saveur umami \u00e0 notre seitan en le cuisant dans un bouillon \u00e0 base de shoyu et d\u2019\u00e9pices.<\/p>\n\n\n\n<div style=\"height:30px\" aria-hidden=\"true\" class=\"wp-block-spacer\"><\/div>\n\n\n\n<h2 class=\"wp-block-heading\">Ingr\u00e9dients<\/h2>\n\n\n\n<p>Farine de bl\u00e9*, shoyu* (eau, f\u00e8ves de soja*, bl\u00e9*, sel marin), gingembre*, kombu*, \u00e9pices*<br>*= bio certifi\u00e9<\/p>\n\n\n\n<div style=\"height:30px\" aria-hidden=\"true\" class=\"wp-block-spacer\"><\/div>\n\n\n\n<h2 class=\"wp-block-heading\">Allerg\u00e8nes<\/h2>\n\n\n\n<p>Bl\u00e9, soja<br>Peut contenir traces de s\u00e9same et d&#8217;avoine.<\/p>\n\n\n\n<div style=\"height:30px\" aria-hidden=\"true\" class=\"wp-block-spacer\"><\/div>\n\n\n\n<h2 class=\"wp-block-heading\">Pr\u00e9paration<\/h2>\n\n\n\n<p>Notre seitan est tr\u00e8s polyvalent et facile \u00e0 pr\u00e9parer. Comme il est d\u00e9j\u00e0 cuit, vous ne devez pas pr\u00e9voir de temps de cuisson suppl\u00e9mentaire. Faites-le simplement dorer \u00e0 la po\u00eale ou int\u00e9grez-le \u00e0 vos plats.<\/p>\n<\/div>\n<\/div>\n","protected":false},"featured_media":646,"parent":350,"menu_order":0,"template":"","producttype":[],"class_list":["post-351","product","type-product","status-publish","has-post-thumbnail","hentry"],"acf":[],"_links":{"self":[{"href":"https:\/\/maya-seitan.be\/fr\/wp-json\/wp\/v2\/product\/351","targetHints":{"allow":["GET"]}}],"collection":[{"href":"https:\/\/maya-seitan.be\/fr\/wp-json\/wp\/v2\/product"}],"about":[{"href":"https:\/\/maya-seitan.be\/fr\/wp-json\/wp\/v2\/types\/product"}],"up":[{"embeddable":true,"href":"https:\/\/maya-seitan.be\/fr\/wp-json\/wp\/v2\/product\/350"}],"wp:featuredmedia":[{"embeddable":true,"href":"https:\/\/maya-seitan.be\/fr\/wp-json\/wp\/v2\/media\/646"}],"wp:attachment":[{"href":"https:\/\/maya-seitan.be\/fr\/wp-json\/wp\/v2\/media?parent=351"}],"wp:term":[{"taxonomy":"producttype","embeddable":true,"href":"https:\/\/maya-seitan.be\/fr\/wp-json\/wp\/v2\/producttype?post=351"}],"curies":[{"name":"wp","href":"https:\/\/api.w.org\/{rel}","templated":true}]}}