{"id":350,"date":"2021-10-22T09:51:20","date_gmt":"2021-10-22T09:51:20","guid":{"rendered":"http:\/\/maya.local\/product\/seitan\/"},"modified":"2022-02-14T11:20:35","modified_gmt":"2022-02-14T11:20:35","slug":"seitan","status":"publish","type":"product","link":"https:\/\/maya-seitan.be\/fr\/produit\/seitan\/","title":{"rendered":"Seitan"},"content":{"rendered":"\n<div class=\"wp-block-columns is-layout-flex wp-container-core-columns-is-layout-1 wp-block-columns-is-layout-flex\">\n<div class=\"wp-block-column is-layout-flow wp-block-column-is-layout-flow\"><div id=\"gutenslider-rf3n4fgzb\" class=\"wp-block-eedee-block-gutenslider gs-frontend content-fixed alignnone arrow-style-1 arrow-position-sides arrow-mb-none arrows-lg-none arrows-md-none arrows-sm-none dot-style-1 dots-lg dots-md dots-sm dot-position-bottom is-position-center-center mb-none wrap-auto-height\" style=\"--gutenslider-min-height: 450px;--gutenslider-arrow-size: 30px;--gutenslider-dot-size: 25px;--gutenslider-arrow-color: #ffffff;--gutenslider-dot-color: #ffffff;--gutenslider-padding-y-mobile: 40px;--gutenslider-padding-x-mobile: 40px;--gutenslider-padding-y-tablet: 40px;--gutenslider-padding-x-tablet: 40px;--gutenslider-padding-y-desktop: 40px;--gutenslider-padding-x-desktop: 40px;--gutenslider-bg-image: url();--gutenslider-min-height-md: 50vh;--gutenslider-min-height-sm: 50vh;--gutenslider-padding-x: 40px;--gutenslider-padding-x-md: 40px;--gutenslider-padding-x-sm: 20px;--gutenslider-padding-y: 40px;--gutenslider-padding-y-md: 40px;--gutenslider-padding-y-sm: 20px;--gutenslider-arrow-size-md: 30px;--gutenslider-arrow-size-sm: 30px;--gutenslider-dot-size-md: 25px;--gutenslider-dot-size-sm: 25px;--gutenslider-arrow-bg-color: transparent;--gutenslider-arrow-hover-color: #eeeeee;--gutenslider-arrow-bg-hover-color: transparent;--gutenslider-arrow-x-offset: 10px;--gutenslider-arrow-x-offset-md: 10px;--gutenslider-arrow-x-offset-sm: 10px;--gutenslider-arrow-y-offset: 0px;--gutenslider-arrow-y-offset-md: 0px;--gutenslider-arrow-y-offset-sm: 0px;--gutenslider-arrow-x-spacing: 0px;--gutenslider-dot-y-offset: 10px;--gutenslider-dot-y-offset-md: 10px;--gutenslider-dot-y-offset-sm: 10px;--gutenslider-margin-x: 0px;--gutenslider-margin-x-md: 0px;--gutenslider-margin-x-sm: 0px;--gutenslider-margin-y: 0px;--gutenslider-margin-y-md: 0px;--gutenslider-margin-y-sm: 0px;--gutenslider-divider-top: 60px;--gutenslider-divider-bottom: 60px;--gutenslider-lightgallery-bg: #ffffff;--gutenslider-lightgallery-font: #000000;--gs-first-pos: 50% 50%;--gs-gap-vertical: var( --wp--style--gallery-gap-default, var( --gallery-block--gutter-size, var( --wp--style--block-gap, 0.5em ) ) );--gs-gap-horizontal: var( --wp--style--gallery-gap-default, var( --gallery-block--gutter-size, var( --wp--style--block-gap, 0.5em ) ) );\" data-parallax-direction=\"down\" data-parallax-amount=\"1.3\" data-lg-transition=\"lg-slide\" data-hash=\"\"><div class=\"eedee-swiper-outer\"><div class=\"gutenslider-divider-top\" style=\"color:#fff;\"><\/div><div class=\"swiper\" data-settings='{\"autoplay\":false,\"speed\":700,\"direction\":\"horizontal\",\"autoHeight\":\"\",\"loop\":false,\"centeredSlides\":true,\"spaceBetween\":0,\"slidesPerView\":1,\"slidesPerGroup\":1,\"effect\":\"slide\",\"coverflowEffect\":{\"rotate\":30,\"slideShadows\":false,\"depth\":100,\"stretch\":50,\"modifier\":1},\"fadeEffect\":{\"crossFade\":true},\"zoom\":\"\",\"navigation\":{\"nextEl\":\"#gutenslider-rf3n4fgzb .eedee-gutenslider-next\",\"prevEl\":\"#gutenslider-rf3n4fgzb .eedee-gutenslider-prev\"},\"pagination\":{\"type\":\"bullets\",\"clickable\":true,\"dynamicBullets\":false,\"el\":\"#gutenslider-rf3n4fgzb .eedee-gutenslider-pagination\"},\"pauseOnHover\":\"1\",\"watchSlidesProgress\":true,\"watchSlidesVisibility\":true,\"settingsMd\":{\"autoHeight\":\"\",\"slidesPerView\":1,\"slidesPerGroup\":1,\"spaceBetween\":0,\"loop\":false},\"settingsLg\":{\"autoHeight\":\"\",\"slidesPerView\":1,\"slidesPerGroup\":1,\"spaceBetween\":0,\"loop\":false},\"hasLg\":false,\"hasLgCounter\":true,\"isFullScreen\":false,\"arrowsFollowMouse\":false,\"lgTitle\":\"none\",\"lgCaption\":\"none\",\"lgThumbnails\":true,\"lgZoomEnabled\":false,\"keyboard\":{\"keyboard\":{\"enabled\":true,\"onlyInViewport\":true}},\"hashNavigation\":false,\"dividers\":false}'><div class=\"swiper-wrapper\">\n<div class=\"swiper-slide wp-block-eedee-block-gutenslide is-position-center-center ed-bg-image\" style=\"--ed-vw:240;--ed-vh:300;\" data-hash=\"\"><div class=\"eedee-background-div bg-image\"><img loading=\"lazy\" width=\"2000\" height=\"2500\" class=\"wp-image-1043\" src=\"https:\/\/maya-seitan.be\/wp-content\/uploads\/2022\/01\/seitan_2500px.jpg\" alt=\"seitan\" decoding=\"async\" style=\"object-fit: cover; object-position: 50% 50%;\"  data-caption=\"seitan\" data-title=\"seitan_2500px\" data-description=\"seitan\" srcset=\"https:\/\/maya-seitan.be\/\/wp-content\/uploads\/2022\/01\/seitan_2500px.jpg 2000w, https:\/\/maya-seitan.be\/\/wp-content\/uploads\/2022\/01\/seitan_2500px-240x300.jpg 240w, https:\/\/maya-seitan.be\/\/wp-content\/uploads\/2022\/01\/seitan_2500px-819x1024.jpg 819w, https:\/\/maya-seitan.be\/\/wp-content\/uploads\/2022\/01\/seitan_2500px-768x960.jpg 768w, https:\/\/maya-seitan.be\/\/wp-content\/uploads\/2022\/01\/seitan_2500px-1600x2000.jpg 1600w, https:\/\/maya-seitan.be\/\/wp-content\/uploads\/2022\/01\/seitan_2500px-1229x1536.jpg 1229w, https:\/\/maya-seitan.be\/\/wp-content\/uploads\/2022\/01\/seitan_2500px-1638x2048.jpg 1638w\" sizes=\"auto, (max-width: 2000px) 100vw, 2000px\" \/><div class=\"eedee-background-div__overlay\" style=\"opacity:1;\"><\/div><\/div><div class=\"slide-content\">\n\n<p class=\"has-text-align-center gutenslider-content-initial has-larger-font-size\"><\/p>\n\n<\/div><\/div>\n\n<div class=\"swiper-slide wp-block-eedee-block-gutenslide is-position-center-center ed-bg-image\" style=\"--ed-vw:225;--ed-vh:300;\" data-hash=\"\"><div class=\"eedee-background-div bg-image\"><img loading=\"lazy\" width=\"1920\" height=\"2560\" class=\"wp-image-1069\" src=\"https:\/\/maya-seitan.be\/wp-content\/uploads\/2022\/01\/LD_MAYApt2-11-1-scaled.jpg\" alt=\"\" decoding=\"async\" style=\"object-fit: cover; object-position: 50% 50%;\"  data-title=\"LD_MAYApt2-11 (1)\" srcset=\"https:\/\/maya-seitan.be\/\/wp-content\/uploads\/2022\/01\/LD_MAYApt2-11-1-scaled.jpg 1920w, https:\/\/maya-seitan.be\/\/wp-content\/uploads\/2022\/01\/LD_MAYApt2-11-1-225x300.jpg 225w, https:\/\/maya-seitan.be\/\/wp-content\/uploads\/2022\/01\/LD_MAYApt2-11-1-768x1024.jpg 768w\" sizes=\"auto, (max-width: 1920px) 100vw, 1920px\" \/><div class=\"eedee-background-div__overlay\" style=\"opacity:1;\"><\/div><\/div><div class=\"slide-content\">\n\n<p class=\"has-text-align-center gutenslider-content-initial has-larger-font-size\"><\/p>\n\n<\/div><\/div>\n\n<div class=\"swiper-slide wp-block-eedee-block-gutenslide is-position-center-center ed-bg-image\" style=\"--ed-vw:300;--ed-vh:300;\" data-hash=\"\"><div class=\"eedee-background-div bg-image\"><img loading=\"lazy\" width=\"2082\" height=\"2082\" class=\"wp-image-980\" src=\"https:\/\/maya-seitan.be\/wp-content\/uploads\/2022\/01\/steak001_W-1.jpg\" alt=\"\" decoding=\"async\" style=\"object-fit: cover; object-position: 50% 50%;\"  data-title=\"steak001_W\" srcset=\"https:\/\/maya-seitan.be\/\/wp-content\/uploads\/2022\/01\/steak001_W-1.jpg 2082w, https:\/\/maya-seitan.be\/\/wp-content\/uploads\/2022\/01\/steak001_W-1-300x300.jpg 300w, https:\/\/maya-seitan.be\/\/wp-content\/uploads\/2022\/01\/steak001_W-1-1024x1024.jpg 1024w, https:\/\/maya-seitan.be\/\/wp-content\/uploads\/2022\/01\/steak001_W-1-150x150.jpg 150w, https:\/\/maya-seitan.be\/\/wp-content\/uploads\/2022\/01\/steak001_W-1-768x768.jpg 768w, https:\/\/maya-seitan.be\/\/wp-content\/uploads\/2022\/01\/steak001_W-1-1600x1600.jpg 1600w, https:\/\/maya-seitan.be\/\/wp-content\/uploads\/2022\/01\/steak001_W-1-1536x1536.jpg 1536w, https:\/\/maya-seitan.be\/\/wp-content\/uploads\/2022\/01\/steak001_W-1-2048x2048.jpg 2048w\" sizes=\"auto, (max-width: 2082px) 100vw, 2082px\" \/><div class=\"eedee-background-div__overlay\" style=\"opacity:1;\"><\/div><\/div><div class=\"slide-content\">\n\n<p class=\"has-text-align-center gutenslider-content-initial has-larger-font-size\"><\/p>\n\n<\/div><\/div>\n<\/div><\/div><div class=\"wp-block-eedee-gutenslider__content co-1\">\n<div class=\"swiper-slide wp-block-eedee-block-gutenslide is-position-center-center ed-bg-image\" style=\"--ed-vw:240;--ed-vh:300;\" data-hash=\"\"><div class=\"eedee-background-div bg-image\"><img loading=\"lazy\" width=\"2000\" height=\"2500\" class=\"wp-image-1043\" src=\"https:\/\/maya-seitan.be\/wp-content\/uploads\/2022\/01\/seitan_2500px.jpg\" alt=\"seitan\" decoding=\"async\" style=\"object-fit: cover; object-position: 50% 50%;\"  data-caption=\"seitan\" data-title=\"seitan_2500px\" data-description=\"seitan\" srcset=\"https:\/\/maya-seitan.be\/\/wp-content\/uploads\/2022\/01\/seitan_2500px.jpg 2000w, https:\/\/maya-seitan.be\/\/wp-content\/uploads\/2022\/01\/seitan_2500px-240x300.jpg 240w, https:\/\/maya-seitan.be\/\/wp-content\/uploads\/2022\/01\/seitan_2500px-819x1024.jpg 819w, https:\/\/maya-seitan.be\/\/wp-content\/uploads\/2022\/01\/seitan_2500px-768x960.jpg 768w, https:\/\/maya-seitan.be\/\/wp-content\/uploads\/2022\/01\/seitan_2500px-1600x2000.jpg 1600w, https:\/\/maya-seitan.be\/\/wp-content\/uploads\/2022\/01\/seitan_2500px-1229x1536.jpg 1229w, https:\/\/maya-seitan.be\/\/wp-content\/uploads\/2022\/01\/seitan_2500px-1638x2048.jpg 1638w\" sizes=\"auto, (max-width: 2000px) 100vw, 2000px\" \/><div class=\"eedee-background-div__overlay\" style=\"opacity:1;\"><\/div><\/div><div class=\"slide-content\">\n\n<p class=\"has-text-align-center gutenslider-content-initial has-larger-font-size\"><\/p>\n\n<\/div><\/div>\n\n<div class=\"swiper-slide wp-block-eedee-block-gutenslide is-position-center-center ed-bg-image\" style=\"--ed-vw:225;--ed-vh:300;\" data-hash=\"\"><div class=\"eedee-background-div bg-image\"><img loading=\"lazy\" width=\"1920\" height=\"2560\" class=\"wp-image-1069\" src=\"https:\/\/maya-seitan.be\/wp-content\/uploads\/2022\/01\/LD_MAYApt2-11-1-scaled.jpg\" alt=\"\" decoding=\"async\" style=\"object-fit: cover; object-position: 50% 50%;\"  data-title=\"LD_MAYApt2-11 (1)\" srcset=\"https:\/\/maya-seitan.be\/\/wp-content\/uploads\/2022\/01\/LD_MAYApt2-11-1-scaled.jpg 1920w, https:\/\/maya-seitan.be\/\/wp-content\/uploads\/2022\/01\/LD_MAYApt2-11-1-225x300.jpg 225w, https:\/\/maya-seitan.be\/\/wp-content\/uploads\/2022\/01\/LD_MAYApt2-11-1-768x1024.jpg 768w\" sizes=\"auto, (max-width: 1920px) 100vw, 1920px\" \/><div class=\"eedee-background-div__overlay\" style=\"opacity:1;\"><\/div><\/div><div class=\"slide-content\">\n\n<p class=\"has-text-align-center gutenslider-content-initial has-larger-font-size\"><\/p>\n\n<\/div><\/div>\n\n<div class=\"swiper-slide wp-block-eedee-block-gutenslide is-position-center-center ed-bg-image\" style=\"--ed-vw:300;--ed-vh:300;\" data-hash=\"\"><div class=\"eedee-background-div bg-image\"><img loading=\"lazy\" width=\"2082\" height=\"2082\" class=\"wp-image-980\" src=\"https:\/\/maya-seitan.be\/wp-content\/uploads\/2022\/01\/steak001_W-1.jpg\" alt=\"\" decoding=\"async\" style=\"object-fit: cover; object-position: 50% 50%;\"  data-title=\"steak001_W\" srcset=\"https:\/\/maya-seitan.be\/\/wp-content\/uploads\/2022\/01\/steak001_W-1.jpg 2082w, https:\/\/maya-seitan.be\/\/wp-content\/uploads\/2022\/01\/steak001_W-1-300x300.jpg 300w, https:\/\/maya-seitan.be\/\/wp-content\/uploads\/2022\/01\/steak001_W-1-1024x1024.jpg 1024w, https:\/\/maya-seitan.be\/\/wp-content\/uploads\/2022\/01\/steak001_W-1-150x150.jpg 150w, https:\/\/maya-seitan.be\/\/wp-content\/uploads\/2022\/01\/steak001_W-1-768x768.jpg 768w, https:\/\/maya-seitan.be\/\/wp-content\/uploads\/2022\/01\/steak001_W-1-1600x1600.jpg 1600w, https:\/\/maya-seitan.be\/\/wp-content\/uploads\/2022\/01\/steak001_W-1-1536x1536.jpg 1536w, https:\/\/maya-seitan.be\/\/wp-content\/uploads\/2022\/01\/steak001_W-1-2048x2048.jpg 2048w\" sizes=\"auto, (max-width: 2082px) 100vw, 2082px\" \/><div class=\"eedee-background-div__overlay\" style=\"opacity:1;\"><\/div><\/div><div class=\"slide-content\">\n\n<p class=\"has-text-align-center gutenslider-content-initial has-larger-font-size\"><\/p>\n\n<\/div><\/div>\n<\/div><button class=\"eedee-gutenslider-nav eedee-gutenslider-prev\"><svg xmlns=\"http:\/\/www.w3.org\/2000\/svg\" viewBox=\"0 0 24 24\" width=\"24\" height=\"24\"><circle class=\"bg\" cx=\"13\" cy=\"12\" r=\"11\" \/><path fill=\"none\" d=\"M0 0h24v24H0z\"\/><path class=\"arrow\" d=\"M10.828 12l4.95 4.95-1.414 1.414L8 12l6.364-6.364 1.414 1.414z\"\/><\/svg><\/button><button class=\"eedee-gutenslider-nav eedee-gutenslider-next\"><svg xmlns=\"http:\/\/www.w3.org\/2000\/svg\" viewBox=\"0 0 24 24\" width=\"24\" height=\"24\"><circle class=\"bg\" cx=\"11\" cy=\"12\" r=\"11\" \/><path fill=\"none\" d=\"M0 0h24v24H0z\"\/><path class=\"arrow\" d=\"M13.172 12l-4.95-4.95 1.414-1.414L16 12l-6.364 6.364-1.414-1.414z\"\/><\/svg><\/button><div class=\"eedee-gutenslider-pagination\"><\/div><\/div><div class=\"gutenslider-divider-bottom \" style=\"color:#fff;\"><\/div><\/div><\/div>\n\n\n\n<div class=\"wp-block-column is-layout-flow wp-block-column-is-layout-flow\">\n<h1 class=\"wp-block-heading\">Seitan  <\/h1>\n\n\n\n<p>Le seitan est un produit v\u00e9g\u00e9tal riche en prot\u00e9ines \u00e0 base de farine de bl\u00e9 ou d\u2019\u00e9peautre. Les prot\u00e9ines sont fournies par le gluten de ces c\u00e9r\u00e9ales. Le seitan a non seulement une teneur \u00e9lev\u00e9e en prot\u00e9ines (20 \u00e0 25\u202f%), mais contient aussi tr\u00e8s peu de mati\u00e8res grasses (0,2\u202f% \u00e0 0,45\u202f%) et aucun cholest\u00e9rol.<\/p>\n\n\n\n<p>Que signifie \u00ab\u202fseitan\u202f\u00bb\u202f? Ce mot vient du japonais \u00ab\u202fsei\u202f\u00bb (\u00e0 base de) et \u00ab\u202ftan\u202f\u00bb (prot\u00e9ines). Ce substitut de viande \u00e9tait d\u00e9j\u00e0 pr\u00e9par\u00e9 il y a plusieurs si\u00e8cles dans les monast\u00e8res bouddhistes zen strictement v\u00e9ganes de Chine. Il a \u00e9t\u00e9 introduit dans les pays occidentaux dans les ann\u00e9es 1960 par George Ohsawa, le fondateur du r\u00e9gime macrobiotique.<\/p>\n\n\n\n<p>Chez Maya, nous pr\u00e9parons notre seitan avec de la farine bio Manitoba ou d\u2019\u00e9peautre de premi\u00e8re qualit\u00e9 \u00e0 haute teneur en prot\u00e9ines, \u00e0 laquelle nous ajoutons de l\u2019eau pour former une sorte de p\u00e2te \u00e0 pain. Apr\u00e8s avoir p\u00e9tri cette p\u00e2te, nous la laissons reposer puis s\u00e9parons les prot\u00e9ines (gluten) de l\u2019amidon sous l\u2019eau courante. Le r\u00e9sultat\u202f? Une belle p\u00e2te de gluten bien souple. Nous la fa\u00e7onnons ensuite soigneusement en boules afin que le seitan devienne \u00e9lastique et doux. Enfin, nous cuisons les boules dans un bouillon \u00e0 base de shoyu (sauce soja) cors\u00e9, de kombu (algue), de gingembre et d\u2019\u00e9pices. Notre shoyu est une sauce au soja artisanale qui m\u00fbrit pendant plusieurs mois et donne au seitan Maya sa saveur umami pleine et riche.<\/p>\n\n\n\n<div style=\"height:28px\" aria-hidden=\"true\" class=\"wp-block-spacer\"><\/div>\n\n\n\n<h2 class=\"wp-block-heading\">Pr\u00e9paration et conseils de pr\u00e9sentation<\/h2>\n\n\n\n<p>Le seitan est tr\u00e8s facile \u00e0 utiliser en cuisine. Comme il est d\u00e9j\u00e0 totalement cuit, il est pr\u00eat rapidement. Vous ne devez donc tenir compte que du temps de cuisson des autres ingr\u00e9dients de votre recette.<\/p>\n\n\n\n<p>Le seitan rappelle beaucoup la viande de par sa texture, son go\u00fbt et ses possibilit\u00e9s d\u2019utilisation. C\u2019est donc un substitut de viande pratique dans les plats v\u00e9g\u00e9tariens et v\u00e9ganes. Vous pouvez l\u2019int\u00e9grer aux recettes classiques de la gastronomie belge, mais aussi \u00e0 des plats fran\u00e7ais, italiens, mexicains ou asiatiques. Cuisez-le simplement \u00e0 la po\u00eale ou \u00e0 l\u2019\u00e9tuv\u00e9e, ou essayez nos produits dans une sauce spaghetti, un plat au wok, un curry ou une quiche. Les possibilit\u00e9s sont infinies\u202f!<\/p>\n\n\n\n<p>&nbsp;<\/p>\n<\/div>\n<\/div>\n\n\n\n<div style=\"height:70px\" aria-hidden=\"true\" class=\"wp-block-spacer\"><\/div>\n\n\n\n<h3 class=\"has-text-align-center wp-block-heading\">Choisissez votre seitan<\/h3>\n\n\n\n<p class=\"has-text-align-center\">Le Seitan existe en 2 types, le seitan de bl\u00e9 et le seitan d&#8221;\u00e9peautre . Pour plus d\u2019informations sur les ingr\u00e9dients, les allerg\u00e8nes et les valeurs nutritionnelles, cliquez sur les produits ci-dessous.<a href=\"https:\/\/maya-seitan.be\/product\/fritti\/spicy\/\"><\/a><\/p>\n","protected":false},"featured_media":1044,"parent":0,"menu_order":0,"template":"","producttype":[11],"class_list":["post-350","product","type-product","status-publish","has-post-thumbnail","hentry","producttype-gemakkelijk-of-iets-meer-fr"],"acf":[],"_links":{"self":[{"href":"https:\/\/maya-seitan.be\/fr\/wp-json\/wp\/v2\/product\/350","targetHints":{"allow":["GET"]}}],"collection":[{"href":"https:\/\/maya-seitan.be\/fr\/wp-json\/wp\/v2\/product"}],"about":[{"href":"https:\/\/maya-seitan.be\/fr\/wp-json\/wp\/v2\/types\/product"}],"wp:featuredmedia":[{"embeddable":true,"href":"https:\/\/maya-seitan.be\/fr\/wp-json\/wp\/v2\/media\/1044"}],"wp:attachment":[{"href":"https:\/\/maya-seitan.be\/fr\/wp-json\/wp\/v2\/media?parent=350"}],"wp:term":[{"taxonomy":"producttype","embeddable":true,"href":"https:\/\/maya-seitan.be\/fr\/wp-json\/wp\/v2\/producttype?post=350"}],"curies":[{"name":"wp","href":"https:\/\/api.w.org\/{rel}","templated":true}]}}