{"id":349,"date":"2021-10-21T09:54:17","date_gmt":"2021-10-21T09:54:17","guid":{"rendered":"http:\/\/maya.local\/product\/sate\/"},"modified":"2022-02-14T11:20:05","modified_gmt":"2022-02-14T11:20:05","slug":"sate","status":"publish","type":"product","link":"https:\/\/maya-seitan.be\/fr\/produit\/sate\/","title":{"rendered":"Sat\u00e9"},"content":{"rendered":"\n<div class=\"wp-block-columns is-layout-flex wp-container-core-columns-is-layout-9d6595d7 wp-block-columns-is-layout-flex\">\n<div class=\"wp-block-column is-layout-flow wp-block-column-is-layout-flow\">\n\n\n<p class=\"has-text-align-center gutenslider-content-initial has-larger-font-size\"><\/p>\n\n\n<\/div>\n\n\n\n<div class=\"wp-block-column is-layout-flow wp-block-column-is-layout-flow\">\n<h1 class=\"wp-block-heading\">Seitan Sat\u00e9<\/h1>\n\n\n\n<p style=\"font-size:18px\">Les Seitan Sat\u00e9 sont une excellente alternative au barbecue classique. Les brochettes de d\u00e9s de seitan sont d\u00e9licieusement \u00e9pic\u00e9es et croustillantes sous leur cro\u00fbte.<\/p>\n\n\n\n<div style=\"height:28px\" aria-hidden=\"true\" class=\"wp-block-spacer\"><\/div>\n\n\n\n<h2 class=\"wp-block-heading\">Pr\u00e9paration et conseils de pr\u00e9sentation<\/h2>\n\n\n\n<p>Le Sat\u00e9 est d\u00e9j\u00e0 cuit. Il suffit donc de le r\u00e9chauffer. Le plus simple est de le passer 10\u202fminutes au four \u00e0 180\u202f\u00b0C. Vous pouvez aussi le faire chauffer dans une po\u00eale \u00e0 feu moyen. Dans ce cas, retournez-le r\u00e9guli\u00e8rement pour qu\u2019il n\u2019attache pas. Une possibilit\u00e9 suppl\u00e9mentaire est de le faire frire 3 minutes \u00e0 175\u202f\u00b0C.<\/p>\n\n\n\n<p>Comme nous l\u2019avons indiqu\u00e9 plus haut, le Seitan Sat\u00e9 est d\u00e9licieux au barbecue. Ne le posez pas directement au-dessus des braises br\u00fblantes, mais sur le c\u00f4t\u00e9. Il faut uniquement le r\u00e9chauffer et lui donner du croquant.<\/p>\n\n\n\n<p>Le Sat\u00e9 est savoureux avec une sauce piquante, une salade fra\u00eeche ou des l\u00e9gumes saut\u00e9s au wok. Servez avec un bol de riz cuit \u00e0 l\u2019eau ou saut\u00e9.<\/p>\n<\/div>\n<\/div>\n\n\n\n<div style=\"height:70px\" aria-hidden=\"true\" class=\"wp-block-spacer\"><\/div>\n\n\n\n<h3 class=\"has-text-align-center wp-block-heading\">Go\u00fbtez notre sat\u00e9<\/h3>\n\n\n\n<p class=\"has-text-align-center\">Pour plus d\u2019informations sur les ingr\u00e9dients, les allerg\u00e8nes et les valeurs nutritionnelles, cliquez sur le produit ci-dessous.<\/p>\n","protected":false},"featured_media":664,"parent":0,"menu_order":0,"template":"","producttype":[12],"class_list":["post-349","product","type-product","status-publish","has-post-thumbnail","hentry","producttype-gezond-kant-en-klaar-fr"],"acf":[],"_links":{"self":[{"href":"https:\/\/maya-seitan.be\/fr\/wp-json\/wp\/v2\/product\/349","targetHints":{"allow":["GET"]}}],"collection":[{"href":"https:\/\/maya-seitan.be\/fr\/wp-json\/wp\/v2\/product"}],"about":[{"href":"https:\/\/maya-seitan.be\/fr\/wp-json\/wp\/v2\/types\/product"}],"wp:featuredmedia":[{"embeddable":true,"href":"https:\/\/maya-seitan.be\/fr\/wp-json\/wp\/v2\/media\/664"}],"wp:attachment":[{"href":"https:\/\/maya-seitan.be\/fr\/wp-json\/wp\/v2\/media?parent=349"}],"wp:term":[{"taxonomy":"producttype","embeddable":true,"href":"https:\/\/maya-seitan.be\/fr\/wp-json\/wp\/v2\/producttype?post=349"}],"curies":[{"name":"wp","href":"https:\/\/api.w.org\/{rel}","templated":true}]}}