{"id":345,"date":"2021-10-20T09:54:52","date_gmt":"2021-10-20T09:54:52","guid":{"rendered":"http:\/\/maya.local\/product\/tomaat\/"},"modified":"2022-02-02T10:34:33","modified_gmt":"2022-02-02T10:34:33","slug":"croquette","status":"publish","type":"product","link":"https:\/\/maya-seitan.be\/fr\/produit\/croquette\/","title":{"rendered":"Croquette"},"content":{"rendered":"\n<div class=\"wp-block-columns is-layout-flex wp-container-core-columns-is-layout-1 wp-block-columns-is-layout-flex\">\n<div class=\"wp-block-column is-layout-flow wp-block-column-is-layout-flow\"><div id=\"gutenslider-efpnhew20\" class=\"wp-block-eedee-block-gutenslider gs-frontend content-fixed alignnone arrow-style-1 arrow-position-sides arrow-mb-none arrows-lg-none arrows-md-none arrows-sm-none dot-style-1 dots-lg dots-md dots-sm dot-position-bottom is-position-center-center mb-none wrap-auto-height\" style=\"--gutenslider-min-height: 450px;--gutenslider-arrow-size: 30px;--gutenslider-dot-size: 25px;--gutenslider-arrow-color: #ffffff;--gutenslider-dot-color: #ffffff;--gutenslider-padding-y-mobile: 40px;--gutenslider-padding-x-mobile: 40px;--gutenslider-padding-y-tablet: 40px;--gutenslider-padding-x-tablet: 40px;--gutenslider-padding-y-desktop: 40px;--gutenslider-padding-x-desktop: 40px;--gutenslider-bg-image: url();--gutenslider-min-height-md: 50vh;--gutenslider-min-height-sm: 50vh;--gutenslider-padding-x: 40px;--gutenslider-padding-x-md: 40px;--gutenslider-padding-x-sm: 20px;--gutenslider-padding-y: 40px;--gutenslider-padding-y-md: 40px;--gutenslider-padding-y-sm: 20px;--gutenslider-arrow-size-md: 30px;--gutenslider-arrow-size-sm: 30px;--gutenslider-dot-size-md: 25px;--gutenslider-dot-size-sm: 25px;--gutenslider-arrow-bg-color: transparent;--gutenslider-arrow-hover-color: #eeeeee;--gutenslider-arrow-bg-hover-color: transparent;--gutenslider-arrow-x-offset: 10px;--gutenslider-arrow-x-offset-md: 10px;--gutenslider-arrow-x-offset-sm: 10px;--gutenslider-arrow-y-offset: 0px;--gutenslider-arrow-y-offset-md: 0px;--gutenslider-arrow-y-offset-sm: 0px;--gutenslider-arrow-x-spacing: 0px;--gutenslider-dot-y-offset: 10px;--gutenslider-dot-y-offset-md: 10px;--gutenslider-dot-y-offset-sm: 10px;--gutenslider-margin-x: 0px;--gutenslider-margin-x-md: 0px;--gutenslider-margin-x-sm: 0px;--gutenslider-margin-y: 0px;--gutenslider-margin-y-md: 0px;--gutenslider-margin-y-sm: 0px;--gutenslider-divider-top: 60px;--gutenslider-divider-bottom: 60px;--gutenslider-lightgallery-bg: #ffffff;--gutenslider-lightgallery-font: #000000;--gs-first-pos: 50% 50%;--gs-gap-vertical: var( --wp--style--gallery-gap-default, var( --gallery-block--gutter-size, var( --wp--style--block-gap, 0.5em ) ) );--gs-gap-horizontal: var( --wp--style--gallery-gap-default, var( --gallery-block--gutter-size, var( --wp--style--block-gap, 0.5em ) ) );\" data-parallax-direction=\"down\" data-parallax-amount=\"1.3\" data-lg-transition=\"lg-slide\" data-hash=\"\"><div class=\"eedee-swiper-outer\"><div class=\"gutenslider-divider-top\" style=\"color:#fff;\"><\/div><div class=\"swiper\" data-settings='{\"autoplay\":false,\"speed\":700,\"direction\":\"horizontal\",\"autoHeight\":\"\",\"loop\":false,\"centeredSlides\":true,\"spaceBetween\":0,\"slidesPerView\":1,\"slidesPerGroup\":1,\"effect\":\"slide\",\"coverflowEffect\":{\"rotate\":30,\"slideShadows\":false,\"depth\":100,\"stretch\":50,\"modifier\":1},\"fadeEffect\":{\"crossFade\":true},\"zoom\":\"\",\"navigation\":{\"nextEl\":\"#gutenslider-efpnhew20 .eedee-gutenslider-next\",\"prevEl\":\"#gutenslider-efpnhew20 .eedee-gutenslider-prev\"},\"pagination\":{\"type\":\"bullets\",\"clickable\":true,\"dynamicBullets\":false,\"el\":\"#gutenslider-efpnhew20 .eedee-gutenslider-pagination\"},\"pauseOnHover\":\"1\",\"watchSlidesProgress\":true,\"watchSlidesVisibility\":true,\"settingsMd\":{\"autoHeight\":\"\",\"slidesPerView\":1,\"slidesPerGroup\":1,\"spaceBetween\":0,\"loop\":false},\"settingsLg\":{\"autoHeight\":\"\",\"slidesPerView\":1,\"slidesPerGroup\":1,\"spaceBetween\":0,\"loop\":false},\"hasLg\":false,\"hasLgCounter\":true,\"isFullScreen\":false,\"arrowsFollowMouse\":false,\"lgTitle\":\"none\",\"lgCaption\":\"none\",\"lgThumbnails\":true,\"lgZoomEnabled\":false,\"keyboard\":{\"keyboard\":{\"enabled\":true,\"onlyInViewport\":true}},\"hashNavigation\":false,\"dividers\":false}'><div class=\"swiper-wrapper\">\n<div class=\"swiper-slide wp-block-eedee-block-gutenslide is-position-center-center ed-bg-image\" style=\"--ed-vw:240;--ed-vh:300;\" data-hash=\"\"><div class=\"eedee-background-div bg-image\"><img loading=\"lazy\" width=\"2000\" height=\"2500\" class=\"wp-image-650\" src=\"https:\/\/maya-seitan.be\/wp-content\/uploads\/2021\/10\/croquette_2500px.jpg\" alt=\"croquette\" decoding=\"async\" style=\"object-fit: cover; object-position: 50% 50%;\"  data-caption=\"croquette\" data-title=\"croquette_2500px\" data-description=\"croquette\" srcset=\"https:\/\/maya-seitan.be\/\/wp-content\/uploads\/2021\/10\/croquette_2500px.jpg 2000w, https:\/\/maya-seitan.be\/\/wp-content\/uploads\/2021\/10\/croquette_2500px-240x300.jpg 240w, https:\/\/maya-seitan.be\/\/wp-content\/uploads\/2021\/10\/croquette_2500px-819x1024.jpg 819w, https:\/\/maya-seitan.be\/\/wp-content\/uploads\/2021\/10\/croquette_2500px-768x960.jpg 768w, https:\/\/maya-seitan.be\/\/wp-content\/uploads\/2021\/10\/croquette_2500px-1600x2000.jpg 1600w, https:\/\/maya-seitan.be\/\/wp-content\/uploads\/2021\/10\/croquette_2500px-1229x1536.jpg 1229w, https:\/\/maya-seitan.be\/\/wp-content\/uploads\/2021\/10\/croquette_2500px-1638x2048.jpg 1638w\" sizes=\"auto, (max-width: 2000px) 100vw, 2000px\" \/><div class=\"eedee-background-div__overlay\" style=\"opacity:1;\"><\/div><\/div><div class=\"slide-content\">\n\n<p class=\"has-text-align-center gutenslider-content-initial has-larger-font-size\"><\/p>\n\n<\/div><\/div>\n<\/div><\/div><div class=\"wp-block-eedee-gutenslider__content co-1\">\n<div class=\"swiper-slide wp-block-eedee-block-gutenslide is-position-center-center ed-bg-image\" style=\"--ed-vw:240;--ed-vh:300;\" data-hash=\"\"><div class=\"eedee-background-div bg-image\"><img loading=\"lazy\" width=\"2000\" height=\"2500\" class=\"wp-image-650\" src=\"https:\/\/maya-seitan.be\/wp-content\/uploads\/2021\/10\/croquette_2500px.jpg\" alt=\"croquette\" decoding=\"async\" style=\"object-fit: cover; object-position: 50% 50%;\"  data-caption=\"croquette\" data-title=\"croquette_2500px\" data-description=\"croquette\" srcset=\"https:\/\/maya-seitan.be\/\/wp-content\/uploads\/2021\/10\/croquette_2500px.jpg 2000w, https:\/\/maya-seitan.be\/\/wp-content\/uploads\/2021\/10\/croquette_2500px-240x300.jpg 240w, https:\/\/maya-seitan.be\/\/wp-content\/uploads\/2021\/10\/croquette_2500px-819x1024.jpg 819w, https:\/\/maya-seitan.be\/\/wp-content\/uploads\/2021\/10\/croquette_2500px-768x960.jpg 768w, https:\/\/maya-seitan.be\/\/wp-content\/uploads\/2021\/10\/croquette_2500px-1600x2000.jpg 1600w, https:\/\/maya-seitan.be\/\/wp-content\/uploads\/2021\/10\/croquette_2500px-1229x1536.jpg 1229w, https:\/\/maya-seitan.be\/\/wp-content\/uploads\/2021\/10\/croquette_2500px-1638x2048.jpg 1638w\" sizes=\"auto, (max-width: 2000px) 100vw, 2000px\" \/><div class=\"eedee-background-div__overlay\" style=\"opacity:1;\"><\/div><\/div><div class=\"slide-content\">\n\n<p class=\"has-text-align-center gutenslider-content-initial has-larger-font-size\"><\/p>\n\n<\/div><\/div>\n<\/div><button class=\"eedee-gutenslider-nav eedee-gutenslider-prev\"><svg xmlns=\"http:\/\/www.w3.org\/2000\/svg\" viewBox=\"0 0 24 24\" width=\"24\" height=\"24\"><circle class=\"bg\" cx=\"13\" cy=\"12\" r=\"11\" \/><path fill=\"none\" d=\"M0 0h24v24H0z\"\/><path class=\"arrow\" d=\"M10.828 12l4.95 4.95-1.414 1.414L8 12l6.364-6.364 1.414 1.414z\"\/><\/svg><\/button><button class=\"eedee-gutenslider-nav eedee-gutenslider-next\"><svg xmlns=\"http:\/\/www.w3.org\/2000\/svg\" viewBox=\"0 0 24 24\" width=\"24\" height=\"24\"><circle class=\"bg\" cx=\"11\" cy=\"12\" r=\"11\" \/><path fill=\"none\" d=\"M0 0h24v24H0z\"\/><path class=\"arrow\" d=\"M13.172 12l-4.95-4.95 1.414-1.414L16 12l-6.364 6.364-1.414-1.414z\"\/><\/svg><\/button><div class=\"eedee-gutenslider-pagination\"><\/div><\/div><div class=\"gutenslider-divider-bottom \" style=\"color:#fff;\"><\/div><\/div><\/div>\n\n\n\n<div class=\"wp-block-column is-layout-flow wp-block-column-is-layout-flow\">\n<h1 class=\"wp-block-heading\">Seitan Croquette<\/h1>\n\n\n\n<p>Vous avez envie d\u2019agr\u00e9menter votre repas d\u2019une saucisse\u202f? Dans ce cas, optez pour une Croquette. Cette petite saucisse d\u00e9bordant de seitan existe en 2 versions\u202f:<\/p>\n\n\n\n<ul class=\"wp-block-list\"><li>une croquette tr\u00e8s l\u00e9g\u00e8rement \u00e9pic\u00e9e avec du millet, du s\u00e9same et du tahin, parfaite pour les enfants&nbsp;<\/li><li>la saveur ensoleill\u00e9e de la Sweet Chili Croquette, avec sa touche mexicaine<\/li><\/ul>\n\n\n\n<p>Un choix difficile, n\u2019est-ce pas\u202f?<\/p>\n\n\n\n<div style=\"height:28px\" aria-hidden=\"true\" class=\"wp-block-spacer\"><\/div>\n\n\n\n<h2 class=\"wp-block-heading\">Pr\u00e9paration et conseils de pr\u00e9sentation<\/h2>\n\n\n\n<p>Le plus simple est de r\u00e9chauffer la Croquette au four 10\u202fminutes \u00e0 180\u202f\u00b0C. Vous pouvez aussi la po\u00ealer \u00e0 feu moyen. Retournez r\u00e9guli\u00e8rement la Croquette pour qu\u2019elle n\u2019attache pas. Vous ne devez pas ajouter d\u2019huile. En effet, la chaleur en fait sortir suffisamment. Vous pouvez \u00e9galement frire la Croquette. Quel que soit le mode de cuisson, veillez \u00e0 ce que la Croquette soit bien chaude \u00e0 l\u2019int\u00e9rieur aussi. En effet, cela donne une consistance d\u00e9licieusement onctueuse au millet qu\u2019elle contient.<\/p>\n\n\n\n<p>La Croquette convient parfaitement au barbecue. Ne la posez pas directement au-dessus des braises br\u00fblantes, mais sur le c\u00f4t\u00e9 et retournez-la r\u00e9guli\u00e8rement. Il faut uniquement la r\u00e9chauffer et lui donner du croquant.<\/p>\n\n\n\n<p>Servez la Croquette avec des pommes de terre ou des c\u00e9r\u00e9ales, des l\u00e9gumes \u00e0 la vapeur ou une salade fra\u00eeche. Elle est d\u00e9licieuse en sandwich avec diff\u00e9rentes sauces.<\/p>\n<\/div>\n<\/div>\n\n\n\n<div style=\"height:70px\" aria-hidden=\"true\" class=\"wp-block-spacer\"><\/div>\n\n\n\n<h3 class=\"has-text-align-center wp-block-heading\">Choisissez votre saveur\u00a0<\/h3>\n\n\n\n<p class=\"has-text-align-center\">Le Seitan Croquette existe en 2 saveurs diff\u00e9rentes. Pour plus d\u2019informations sur les ingr\u00e9dients, les allerg\u00e8nes et les valeurs nutritionnelles, cliquez sur les produits ci-dessous.<a href=\"https:\/\/maya-seitan.be\/product\/fritti\/spicy\/\"><\/a><\/p>\n","protected":false},"featured_media":651,"parent":0,"menu_order":0,"template":"","producttype":[12],"class_list":["post-345","product","type-product","status-publish","has-post-thumbnail","hentry","producttype-gezond-kant-en-klaar-fr"],"acf":[],"_links":{"self":[{"href":"https:\/\/maya-seitan.be\/fr\/wp-json\/wp\/v2\/product\/345","targetHints":{"allow":["GET"]}}],"collection":[{"href":"https:\/\/maya-seitan.be\/fr\/wp-json\/wp\/v2\/product"}],"about":[{"href":"https:\/\/maya-seitan.be\/fr\/wp-json\/wp\/v2\/types\/product"}],"wp:featuredmedia":[{"embeddable":true,"href":"https:\/\/maya-seitan.be\/fr\/wp-json\/wp\/v2\/media\/651"}],"wp:attachment":[{"href":"https:\/\/maya-seitan.be\/fr\/wp-json\/wp\/v2\/media?parent=345"}],"wp:term":[{"taxonomy":"producttype","embeddable":true,"href":"https:\/\/maya-seitan.be\/fr\/wp-json\/wp\/v2\/producttype?post=345"}],"curies":[{"name":"wp","href":"https:\/\/api.w.org\/{rel}","templated":true}]}}