{"id":337,"date":"2021-10-22T13:11:19","date_gmt":"2021-10-22T13:11:19","guid":{"rendered":"http:\/\/maya.local\/product\/fritti\/nature\/"},"modified":"2022-02-23T09:13:38","modified_gmt":"2022-02-23T09:13:38","slug":"nature","status":"publish","type":"product","link":"https:\/\/maya-seitan.be\/fr\/produit\/fritti\/nature\/","title":{"rendered":"Nature"},"content":{"rendered":"\n<div class=\"wp-block-columns is-layout-flex wp-container-core-columns-is-layout-9d6595d7 wp-block-columns-is-layout-flex\">\n<div class=\"wp-block-column is-layout-flow wp-block-column-is-layout-flow\">\n\n\n<p class=\"has-text-align-center gutenslider-content-initial has-larger-font-size\"><\/p>\n\n\n\n\n\n<p class=\"has-text-align-center gutenslider-content-initial has-larger-font-size\"><\/p>\n\n\n<\/div>\n\n\n\n<div class=\"wp-block-column is-layout-flow wp-block-column-is-layout-flow\">\n<h1 class=\"wp-block-heading\">Fritti nature<\/h1>\n\n\n\n<p style=\"font-size:18px\">Les Fritti Nature sont des petits morceaux de seitan de bl\u00e9 l\u00e9g\u00e8rement \u00e9pic\u00e9s.<\/p>\n\n\n\n<div style=\"height:30px\" aria-hidden=\"true\" class=\"wp-block-spacer\"><\/div>\n\n\n\n<h2 class=\"wp-block-heading\">Ingr\u00e9dients<\/h2>\n\n\n\n<p>Seitan* 88% (farine de bl\u00e9*, shoyu* (eau, f\u00e8ves de soja*, bl\u00e9*, sel marin), kombu*), farine de bl\u00e9*, \u00e9pices*, huile de tournesol*<br>*= bio certifi\u00e9<\/p>\n\n\n\n<div style=\"height:30px\" aria-hidden=\"true\" class=\"wp-block-spacer\"><\/div>\n\n\n\n<h2 class=\"wp-block-heading\">Allerg\u00e8nes<\/h2>\n\n\n\n<p>Bl\u00e9, soja,<br>Peut contenir des traces de s\u00e9same et d&#8217;avoine<\/p>\n\n\n\n<div style=\"height:30px\" aria-hidden=\"true\" class=\"wp-block-spacer\"><\/div>\n\n\n\n<h2 class=\"wp-block-heading\">Pr\u00e9paration<\/h2>\n\n\n\n<p>Les Fritti sont d\u00e9j\u00e0 cuits. Vous pouvez les incorporer froids \u00e0 vos salades, sandwiches, wraps, etc. Ou les r\u00e9chauffer \u00e0 la po\u00eale, au four ou avec votre plat.<\/p>\n<\/div>\n<\/div>\n","protected":false},"featured_media":628,"parent":329,"menu_order":0,"template":"","producttype":[],"class_list":["post-337","product","type-product","status-publish","has-post-thumbnail","hentry"],"acf":[],"_links":{"self":[{"href":"https:\/\/maya-seitan.be\/fr\/wp-json\/wp\/v2\/product\/337","targetHints":{"allow":["GET"]}}],"collection":[{"href":"https:\/\/maya-seitan.be\/fr\/wp-json\/wp\/v2\/product"}],"about":[{"href":"https:\/\/maya-seitan.be\/fr\/wp-json\/wp\/v2\/types\/product"}],"up":[{"embeddable":true,"href":"https:\/\/maya-seitan.be\/fr\/wp-json\/wp\/v2\/product\/329"}],"wp:featuredmedia":[{"embeddable":true,"href":"https:\/\/maya-seitan.be\/fr\/wp-json\/wp\/v2\/media\/628"}],"wp:attachment":[{"href":"https:\/\/maya-seitan.be\/fr\/wp-json\/wp\/v2\/media?parent=337"}],"wp:term":[{"taxonomy":"producttype","embeddable":true,"href":"https:\/\/maya-seitan.be\/fr\/wp-json\/wp\/v2\/producttype?post=337"}],"curies":[{"name":"wp","href":"https:\/\/api.w.org\/{rel}","templated":true}]}}