{"id":329,"date":"2021-10-21T09:51:47","date_gmt":"2021-10-21T09:51:47","guid":{"rendered":"http:\/\/maya.local\/product\/fritti\/"},"modified":"2022-02-14T10:41:09","modified_gmt":"2022-02-14T10:41:09","slug":"fritti","status":"publish","type":"product","link":"https:\/\/maya-seitan.be\/fr\/produit\/fritti\/","title":{"rendered":"Fritti"},"content":{"rendered":"\n<div class=\"wp-block-columns is-layout-flex wp-container-core-columns-is-layout-9d6595d7 wp-block-columns-is-layout-flex\">\n<div class=\"wp-block-column is-layout-flow wp-block-column-is-layout-flow\">\n\n\n<p class=\"has-text-align-center gutenslider-content-initial has-larger-font-size\"><\/p>\n\n\n\n\n\n<p class=\"has-text-align-center gutenslider-content-initial has-larger-font-size\"><\/p>\n\n\n\n\n\n<p class=\"has-text-align-center gutenslider-content-initial has-larger-font-size\"><\/p>\n\n\n<\/div>\n\n\n\n<div class=\"wp-block-column is-layout-flow wp-block-column-is-layout-flow\">\n<h1 class=\"wp-block-heading\">Seitan Fritti<\/h1>\n\n\n\n<p>Dans vos plats, vous trouvez les formes naturelles plus plaisantes que les blocs carr\u00e9s. Nous sommes du m\u00eame avis\u202f! C\u2019est pourquoi nous avons imagin\u00e9 les Seitan Fritti, de petits morceaux de seitan de bl\u00e9 \u00e9pic\u00e9s. Choisirez-vous les Fritti Nature, Curry ou Spicy\u202f?<\/p>\n\n\n\n<p>Pour r\u00e9aliser nos Seitan Fritti, nous plongeons de petits morceaux de gluten de bl\u00e9 dans un bouillon cors\u00e9 \u00e0 base de sauce soja fabriqu\u00e9e traditionnellement (shoyu), de kombu, de gingembre et d\u2019\u00e9pices. Le seitan cuit ainsi et absorbe toutes les saveurs du bouillon. Apr\u00e8s la cuisson, nous le laissons refroidir, le passons dans de la farine \u00e9pic\u00e9e et le faisons frire pour le rendre croustillant.<\/p>\n\n\n\n<div style=\"height:28px\" aria-hidden=\"true\" class=\"wp-block-spacer\"><\/div>\n\n\n\n<h2 class=\"wp-block-heading\">Pr\u00e9paration et conseils de pr\u00e9sentation<\/h2>\n\n\n\n<p>Les Seitan Fritti sont d\u00e9j\u00e0 cuits et donc faciles \u00e0 utiliser pour pr\u00e9parer rapidement des plats cr\u00e9atifs. Utilisez-les froids, par exemple dans des salades, des fajitas, des wraps ou des sandwiches. Ou d\u00e9gustez-les simplement froids sur le pouce.<\/p>\n\n\n\n<p>Chauds, les Seitan Fritti sont parfaits dans les plats saut\u00e9s au wok, les currys parfum\u00e9s, les carbonnades v\u00e9ganes et les mets \u00e9tuv\u00e9s. La fine couche de farine qui enrobe les Seitan Fritti permet de bien lier la sauce. Vous pouvez aussi les griller \u00e0 la po\u00eale ou en sat\u00e9 au barbecue.<\/p>\n<\/div>\n<\/div>\n\n\n\n<div style=\"height:70px\" aria-hidden=\"true\" class=\"wp-block-spacer\"><\/div>\n\n\n\n<h3 class=\"has-text-align-center wp-block-heading\">Choisissez votre saveur&nbsp;<\/h3>\n\n\n\n<p class=\"has-text-align-center\">Le Seitan Fritti existe en 3 saveurs diff\u00e9rentes. Pour plus d\u2019informations sur les ingr\u00e9dients, les allerg\u00e8nes et les valeurs nutritionnelles, cliquez sur les produits ci-dessous.<a href=\"https:\/\/maya-seitan.be\/product\/fritti\/spicy\/\"><\/a><\/p>\n","protected":false},"featured_media":653,"parent":0,"menu_order":0,"template":"","producttype":[11,12],"class_list":["post-329","product","type-product","status-publish","has-post-thumbnail","hentry","producttype-gemakkelijk-of-iets-meer-fr","producttype-gezond-kant-en-klaar-fr"],"acf":[],"_links":{"self":[{"href":"https:\/\/maya-seitan.be\/fr\/wp-json\/wp\/v2\/product\/329","targetHints":{"allow":["GET"]}}],"collection":[{"href":"https:\/\/maya-seitan.be\/fr\/wp-json\/wp\/v2\/product"}],"about":[{"href":"https:\/\/maya-seitan.be\/fr\/wp-json\/wp\/v2\/types\/product"}],"wp:featuredmedia":[{"embeddable":true,"href":"https:\/\/maya-seitan.be\/fr\/wp-json\/wp\/v2\/media\/653"}],"wp:attachment":[{"href":"https:\/\/maya-seitan.be\/fr\/wp-json\/wp\/v2\/media?parent=329"}],"wp:term":[{"taxonomy":"producttype","embeddable":true,"href":"https:\/\/maya-seitan.be\/fr\/wp-json\/wp\/v2\/producttype?post=329"}],"curies":[{"name":"wp","href":"https:\/\/api.w.org\/{rel}","templated":true}]}}