{"id":325,"date":"2021-10-25T12:24:47","date_gmt":"2021-10-25T12:24:47","guid":{"rendered":"http:\/\/maya.local\/product\/croc\/champion\/"},"modified":"2022-02-23T09:11:34","modified_gmt":"2022-02-23T09:11:34","slug":"champignon","status":"publish","type":"product","link":"https:\/\/maya-seitan.be\/fr\/produit\/croc\/champignon\/","title":{"rendered":"Champignon"},"content":{"rendered":"\n<div class=\"wp-block-columns is-layout-flex wp-container-core-columns-is-layout-9d6595d7 wp-block-columns-is-layout-flex\">\n<div class=\"wp-block-column is-layout-flow wp-block-column-is-layout-flow\">\n\n\n<p class=\"has-text-align-center gutenslider-content-initial has-larger-font-size\"><\/p>\n\n\n\n\n\n<p class=\"has-text-align-center gutenslider-content-initial has-larger-font-size\"><\/p>\n\n\n<\/div>\n\n\n\n<div class=\"wp-block-column is-layout-flow wp-block-column-is-layout-flow\">\n<h1 class=\"wp-block-heading\">Croc Champignon<\/h1>\n\n\n\n<p>Le Croc Champignon se compose de 2 fines tranches de seitan farcies d\u2019une sauce aux champignons onctueuse, pan\u00e9es et frites afin de prendre une texture bien croustillante.&nbsp;<br>Le mariage des champignons et du go\u00fbt de shoyu prononc\u00e9 du seitan cr\u00e9ent une vraie explosion de saveur umami.&nbsp;<\/p>\n\n\n\n<div style=\"height:30px\" aria-hidden=\"true\" class=\"wp-block-spacer\"><\/div>\n\n\n\n<h2 class=\"wp-block-heading\">Ingr\u00e9dients<\/h2>\n\n\n\n<p>Seitan* 42% (farine de bl\u00e9*, shoyu* (eau, f\u00e8ves de soja*, bl\u00e9*, sel marin), gingembre*, kombu*, \u00e9pices*) sauce*\u202f(farine de bl\u00e9*, champignons* 8%, huile de tournesol*, sel marin, \u00e9pices*), chapelure* (farine de bl\u00e9, sel, levure*), huile de tournesol* (*= bio certifi\u00e9)<\/p>\n\n\n\n<p>&nbsp;<\/p>\n\n\n\n<div style=\"height:30px\" aria-hidden=\"true\" class=\"wp-block-spacer\"><\/div>\n\n\n\n<h2 class=\"wp-block-heading\">Allerg\u00e8nes<\/h2>\n\n\n\n<p>Bl\u00e9, soja,<br>Peut contenir traces de s\u00e9same et d&#8217;avoine<\/p>\n\n\n\n<div style=\"height:30px\" aria-hidden=\"true\" class=\"wp-block-spacer\"><\/div>\n\n\n\n<h2 class=\"wp-block-heading\">Pr\u00e9paration<\/h2>\n\n\n\n<p>Le plus simple est de r\u00e9chauffer le Croc Champignon au four pendant 10\u202fminutes \u00e0 150\u202f\u00b0C. Vous ne devez pas ajouter d\u2019huile, la chaleur en fera ressortir suffisamment du Croc <meta charset=\"utf-8\">Champignon.<br>Vous pouvez bien s\u00fbr aussi le po\u00ealer \u00e0 feu moyen. Surveillez toutefois le Croc <meta charset=\"utf-8\">Champignon et retournez-le de temps en temps pour qu\u2019il n\u2019attache pas. Vous ne devez pas non plus ajouter d\u2019huile dans la po\u00eale.<br>Si cela ne vous d\u00e9range pas que votre Croc <meta charset=\"utf-8\">Champignon soit un peu plus gras, vous pouvez le passer rapidement \u00e0 la friteuse pour un r\u00e9sultat super croquant.<\/p>\n<\/div>\n<\/div>\n","protected":false},"featured_media":676,"parent":323,"menu_order":0,"template":"","producttype":[],"class_list":["post-325","product","type-product","status-publish","has-post-thumbnail","hentry"],"acf":[],"_links":{"self":[{"href":"https:\/\/maya-seitan.be\/fr\/wp-json\/wp\/v2\/product\/325","targetHints":{"allow":["GET"]}}],"collection":[{"href":"https:\/\/maya-seitan.be\/fr\/wp-json\/wp\/v2\/product"}],"about":[{"href":"https:\/\/maya-seitan.be\/fr\/wp-json\/wp\/v2\/types\/product"}],"up":[{"embeddable":true,"href":"https:\/\/maya-seitan.be\/fr\/wp-json\/wp\/v2\/product\/323"}],"wp:featuredmedia":[{"embeddable":true,"href":"https:\/\/maya-seitan.be\/fr\/wp-json\/wp\/v2\/media\/676"}],"wp:attachment":[{"href":"https:\/\/maya-seitan.be\/fr\/wp-json\/wp\/v2\/media?parent=325"}],"wp:term":[{"taxonomy":"producttype","embeddable":true,"href":"https:\/\/maya-seitan.be\/fr\/wp-json\/wp\/v2\/producttype?post=325"}],"curies":[{"name":"wp","href":"https:\/\/api.w.org\/{rel}","templated":true}]}}