{"id":323,"date":"2021-10-22T09:53:58","date_gmt":"2021-10-22T09:53:58","guid":{"rendered":"http:\/\/maya.local\/product\/croc\/"},"modified":"2022-02-02T10:32:23","modified_gmt":"2022-02-02T10:32:23","slug":"croc","status":"publish","type":"product","link":"https:\/\/maya-seitan.be\/fr\/produit\/croc\/","title":{"rendered":"Croc"},"content":{"rendered":"\n<div class=\"wp-block-columns is-layout-flex wp-container-core-columns-is-layout-9d6595d7 wp-block-columns-is-layout-flex\">\n<div class=\"wp-block-column is-layout-flow wp-block-column-is-layout-flow\">\n\n\n<p class=\"has-text-align-center gutenslider-content-initial has-larger-font-size\"><\/p>\n\n\n<\/div>\n\n\n\n<div class=\"wp-block-column is-layout-flow wp-block-column-is-layout-flow\">\n<h1 class=\"wp-block-heading\">Croc<\/h1>\n\n\n\n<p style=\"font-size:18px\">Prenez une bouch\u00e9e de notre Croc et savourez l\u2019association exquise du seitan et d\u2019une sauce tomate onctueuse ou d\u2019une sauce riche aux champignons. La cro\u00fbte croquante de notre Croc cache des saveurs d\u00e9licieuses et authentiques\u202f!&nbsp;<\/p>\n\n\n\n<div style=\"height:28px\" aria-hidden=\"true\" class=\"wp-block-spacer\"><\/div>\n\n\n\n<h2 class=\"wp-block-heading\"><meta charset=\"utf-8\">Pr\u00e9paration et conseils de pr\u00e9sentation<\/h2>\n\n\n\n<p>Le Croc est totalement pr\u00eat. Il suffit de le r\u00e9chauffer. Po\u00ealez-le \u00e0 feu moyen pour le rendre d\u00e9licieusement croquant en le retournant r\u00e9guli\u00e8rement afin d\u2019\u00e9viter qu\u2019il n\u2019attache. Il est encore plus facile de le passer 10\u202fminutes dans un four pr\u00e9chauff\u00e9 \u00e0 180\u202f\u00b0C. Vous ne devez pas ajouter d\u2019huile. En effet, il lib\u00e8re un peu d\u2019huile en chauffant.<\/p>\n\n\n\n<p>Servez le Croc avec une salade ou des l\u00e9gumes, \u00e9ventuellement agr\u00e9ment\u00e9s de pommes de terre ou de c\u00e9r\u00e9ales compl\u00e8tes. Le Croc est aussi savoureux dans un sandwich ou seul sur le pouce.<\/p>\n<\/div>\n<\/div>\n\n\n\n<div style=\"height:70px\" aria-hidden=\"true\" class=\"wp-block-spacer\"><\/div>\n\n\n\n<h3 class=\"has-text-align-center wp-block-heading\">Choisissez votre saveur<\/h3>\n\n\n\n<p class=\"has-text-align-center\">Le Seitan Croc existe en 2 saveurs diff\u00e9rentes. Pour plus d\u2019informations sur les ingr\u00e9dients, les allerg\u00e8nes et les valeurs nutritionnelles, cliquez sur les produits ci-dessous.\u00a0<a href=\"https:\/\/maya-seitan.be\/product\/fritti\/spicy\/\"><\/a><\/p>\n","protected":false},"featured_media":662,"parent":0,"menu_order":0,"template":"","producttype":[12],"class_list":["post-323","product","type-product","status-publish","has-post-thumbnail","hentry","producttype-gezond-kant-en-klaar-fr"],"acf":[],"_links":{"self":[{"href":"https:\/\/maya-seitan.be\/fr\/wp-json\/wp\/v2\/product\/323","targetHints":{"allow":["GET"]}}],"collection":[{"href":"https:\/\/maya-seitan.be\/fr\/wp-json\/wp\/v2\/product"}],"about":[{"href":"https:\/\/maya-seitan.be\/fr\/wp-json\/wp\/v2\/types\/product"}],"wp:featuredmedia":[{"embeddable":true,"href":"https:\/\/maya-seitan.be\/fr\/wp-json\/wp\/v2\/media\/662"}],"wp:attachment":[{"href":"https:\/\/maya-seitan.be\/fr\/wp-json\/wp\/v2\/media?parent=323"}],"wp:term":[{"taxonomy":"producttype","embeddable":true,"href":"https:\/\/maya-seitan.be\/fr\/wp-json\/wp\/v2\/producttype?post=323"}],"curies":[{"name":"wp","href":"https:\/\/api.w.org\/{rel}","templated":true}]}}