{"id":1480,"date":"2022-01-28T10:06:42","date_gmt":"2022-01-28T10:06:42","guid":{"rendered":"https:\/\/test.maya-seitan.be\/product\/kim-sate\/"},"modified":"2022-01-28T15:47:58","modified_gmt":"2022-01-28T15:47:58","slug":"kim-sate","status":"publish","type":"product","link":"https:\/\/maya-seitan.be\/fr\/produit\/kim-sate\/","title":{"rendered":"Kim Sate"},"content":{"rendered":"\n<div class=\"wp-block-columns is-layout-flex wp-container-core-columns-is-layout-9d6595d7 wp-block-columns-is-layout-flex\">\n<div class=\"wp-block-column is-layout-flow wp-block-column-is-layout-flow\">\n\n\n<p class=\"has-text-align-center gutenslider-content-initial has-larger-font-size\"><\/p>\n\n\n<\/div>\n\n\n\n<div class=\"wp-block-column is-layout-flow wp-block-column-is-layout-flow\">\n<h1 class=\"wp-block-heading\">FR Seitan Sat\u00e9 FR<\/h1>\n\n\n\n<p style=\"font-size:18px\">De&nbsp;Seitan&nbsp;Sat\u00e9s&nbsp;zijn&nbsp;een geweldig alternatief voor de klassieke barbecue.&nbsp;De&nbsp;blokjes&nbsp;seitan&nbsp;op een stokje&nbsp;zijn lekker gekruid en hebben&nbsp;een krakend krokant korstje.&nbsp;<\/p>\n\n\n\n<div style=\"height:28px\" aria-hidden=\"true\" class=\"wp-block-spacer\"><\/div>\n\n\n\n<h2 class=\"wp-block-heading\">Bereiding en serveertips<\/h2>\n\n\n\n<p>De Sat\u00e9 is gaar. Je moet hem dus alleen opwarmen. Het makkelijkst&nbsp;doe je dat&nbsp;in de oven,&nbsp;10 min op 180\u00b0C. Je kan de sat\u00e9 ook opwarmen in een pan op&nbsp;een matig vuur. Draai de&nbsp;Sat\u00e9 dan regelmatig om,&nbsp;zodat&nbsp;hij&nbsp;niet aanbrandt.&nbsp;Nog een mogelijkheid: de Sat\u00e9 3 minuten&nbsp;frituren&nbsp;op 175\u00b0C.&nbsp;&nbsp;<br>En zoals eerder gezegd, is de&nbsp;Seitan&nbsp;Sat\u00e9 lekker op de barbecue. Leg hem&nbsp;niet direct boven de hete kolen maar aan de zijkant. Hij moet enkel opwarmen en krokant worden.&nbsp;<br>De Sat\u00e9 smaakt heerlijk met een pittig sausje, een frisse salade of groenten uit de wok. Serveer met een kom gekookte of gebakken rijst.&nbsp;<\/p>\n<\/div>\n<\/div>\n\n\n\n<div style=\"height:70px\" aria-hidden=\"true\" class=\"wp-block-spacer\"><\/div>\n\n\n\n<h3 class=\"has-text-align-center wp-block-heading\">Proef onze sat\u00e9<\/h3>\n","protected":false},"featured_media":0,"parent":0,"menu_order":0,"template":"","producttype":[],"class_list":["post-1480","product","type-product","status-publish","hentry"],"acf":[],"_links":{"self":[{"href":"https:\/\/maya-seitan.be\/fr\/wp-json\/wp\/v2\/product\/1480","targetHints":{"allow":["GET"]}}],"collection":[{"href":"https:\/\/maya-seitan.be\/fr\/wp-json\/wp\/v2\/product"}],"about":[{"href":"https:\/\/maya-seitan.be\/fr\/wp-json\/wp\/v2\/types\/product"}],"wp:attachment":[{"href":"https:\/\/maya-seitan.be\/fr\/wp-json\/wp\/v2\/media?parent=1480"}],"wp:term":[{"taxonomy":"producttype","embeddable":true,"href":"https:\/\/maya-seitan.be\/fr\/wp-json\/wp\/v2\/producttype?post=1480"}],"curies":[{"name":"wp","href":"https:\/\/api.w.org\/{rel}","templated":true}]}}