{"id":99,"date":"2021-10-07T07:44:25","date_gmt":"2021-10-07T07:44:25","guid":{"rendered":"http:\/\/maya.local\/over-ons\/"},"modified":"2022-02-14T13:00:55","modified_gmt":"2022-02-14T13:00:55","slug":"over-ons","status":"publish","type":"page","link":"https:\/\/maya-seitan.be\/fr\/over-ons\/","title":{"rendered":"Durabilit\u00e9 et qualit\u00e9"},"content":{"rendered":"\n<div class=\"wp-block-media-text alignwide is-stacked-on-mobile is-vertically-aligned-top is-image-fill\" style=\"grid-template-columns:40% auto\"><figure class=\"wp-block-media-text__media\" style=\"background-image:url(https:\/\/maya-seitan.be\/wp-content\/uploads\/2022\/01\/gluten5-1024x768.jpg);background-position:50% 50%\"><img decoding=\"async\" src=\"https:\/\/maya-seitan.be\/wp-content\/uploads\/2022\/01\/gluten5-1024x768.jpg\" alt=\"\" class=\"wp-image-1421 size-large\"\/><\/figure><div class=\"wp-block-media-text__content\">\n<h2 class=\"wp-block-heading\">30 ANS<\/h2>\n\n\n\n<p>Fabriquer des produits v\u00e9g\u00e9taux purs, d\u00e9licieux et honn\u00eates\u202f: telle est depuis toujours la mission de Maya. Depuis nos d\u00e9buts en 1992, beaucoup de choses ont chang\u00e9, sans que rien ne change\u2026 Notre production de seitan s\u2019est d\u00e9velopp\u00e9e parall\u00e8lement \u00e0 la prise de conscience des consommateurs et \u00e0 la professionnalisation du march\u00e9. Mais tout comme il ne faut pas toucher \u00e0 une bonne recette, nous ne changeons rien non plus \u00e0 notre philosophie de durabilit\u00e9 et de qualit\u00e9.&nbsp;&nbsp;<\/p>\n<\/div><\/div>\n\n\n\n<div style=\"height:140px\" aria-hidden=\"true\" class=\"wp-block-spacer\"><\/div>\n\n\n\n<blockquote class=\"wp-block-quote is-layout-flow wp-block-quote-is-layout-flow\"><p>\u201cNous partons toujours du principe que nous produisons la qualit\u00e9 que nous voudrions consommer nous-m\u00eames.\u00a0\u201d<\/p><\/blockquote>\n\n\n\n<div style=\"height:140px\" aria-hidden=\"true\" class=\"wp-block-spacer\"><\/div>\n\n\n\n<div class=\"wp-block-media-text alignwide has-media-on-the-right is-stacked-on-mobile is-image-fill\" style=\"grid-template-columns:auto 40%\"><figure class=\"wp-block-media-text__media\" style=\"background-image:url(https:\/\/maya-seitan.be\/wp-content\/uploads\/2022\/01\/seitanbol-768x1024.jpg);background-position:50% 50%\"><img loading=\"lazy\" decoding=\"async\" width=\"768\" height=\"1024\" src=\"https:\/\/maya-seitan.be\/wp-content\/uploads\/2022\/01\/seitanbol-768x1024.jpg\" alt=\"\" class=\"wp-image-1424 size-large\" srcset=\"https:\/\/maya-seitan.be\/\/wp-content\/uploads\/2022\/01\/seitanbol-768x1024.jpg 768w, https:\/\/maya-seitan.be\/\/wp-content\/uploads\/2022\/01\/seitanbol-225x300.jpg 225w, https:\/\/maya-seitan.be\/\/wp-content\/uploads\/2022\/01\/seitanbol-1600x2133.jpg 1600w, https:\/\/maya-seitan.be\/\/wp-content\/uploads\/2022\/01\/seitanbol-1152x1536.jpg 1152w, https:\/\/maya-seitan.be\/\/wp-content\/uploads\/2022\/01\/seitanbol-1536x2048.jpg 1536w, https:\/\/maya-seitan.be\/\/wp-content\/uploads\/2022\/01\/seitanbol.jpg 1875w\" sizes=\"auto, (max-width: 768px) 100vw, 768px\" \/><\/figure><div class=\"wp-block-media-text__content\">\n<h2 class=\"wp-block-heading\">Savoir-faire artisanal<\/h2>\n\n\n\n<p>Dans un monde qui \u00e9volue \u00e0 toute vitesse, nous restons fid\u00e8les \u00e0 la tradition et \u00e0 l\u2019artisanat. En effet, cela fait une vraie diff\u00e9rence en termes de saveur, de texture et de qualit\u00e9 des produits Maya. Et nous prenons le temps, beaucoup de temps. Dans notre atelier, nous prenons d\u00e9lib\u00e9r\u00e9ment le temps de pr\u00e9parer nos produits comme nous les imaginons. Le seitan traditionnel est fabriqu\u00e9 \u00e0 partir de farine de bl\u00e9 ou d\u2019\u00e9peautre. Vous obtenez ainsi le meilleur gluten et le seitan le plus savoureux. L\u2019ensemble du processus, du p\u00e9trissage de la farine \u00e0 la cuisson du seitan, prend environ 7\u202fheures, une dur\u00e9e que nous tenons \u00e0 respecter. Tout comme nous ne voulons pas remplacer la main de l\u2019homme par des machines. Les mains d\u2019artisans exp\u00e9riment\u00e9s sont en effet irrempla\u00e7ables pour \u00e9valuer la qualit\u00e9 de la farine et la fabrication du gluten, la base de notre seitan. Peut-\u00eatre restons-nous relativement petits \u00e0 cause de cela, mais notre qualit\u00e9 est in\u00e9galable.&nbsp;<\/p>\n<\/div><\/div>\n\n\n\n<div style=\"height:140px\" aria-hidden=\"true\" class=\"wp-block-spacer\"><\/div>\n\n\n\n<div class=\"wp-block-media-text alignwide is-stacked-on-mobile is-image-fill\" style=\"grid-template-columns:40% auto\"><figure class=\"wp-block-media-text__media\" style=\"background-image:url(https:\/\/maya-seitan.be\/wp-content\/uploads\/2022\/01\/tarwe2-1024x1024.jpg);background-position:50% 50%\"><img loading=\"lazy\" decoding=\"async\" width=\"1024\" height=\"1024\" src=\"https:\/\/maya-seitan.be\/wp-content\/uploads\/2022\/01\/tarwe2-1024x1024.jpg\" alt=\"\" class=\"wp-image-1418 size-large\" srcset=\"https:\/\/maya-seitan.be\/\/wp-content\/uploads\/2022\/01\/tarwe2-1024x1024.jpg 1024w, https:\/\/maya-seitan.be\/\/wp-content\/uploads\/2022\/01\/tarwe2-300x300.jpg 300w, https:\/\/maya-seitan.be\/\/wp-content\/uploads\/2022\/01\/tarwe2-150x150.jpg 150w, https:\/\/maya-seitan.be\/\/wp-content\/uploads\/2022\/01\/tarwe2-768x768.jpg 768w, https:\/\/maya-seitan.be\/\/wp-content\/uploads\/2022\/01\/tarwe2.jpg 1512w\" sizes=\"auto, (max-width: 1024px) 100vw, 1024px\" \/><\/figure><div class=\"wp-block-media-text__content\">\n<h2 class=\"wp-block-heading\">Choix purs et honn\u00eates&nbsp;<\/h2>\n\n\n\n<p>Notre seitan, notre tempeh ou notre mochi contiennent uniquement les meilleurs ingr\u00e9dients bio. En effet, lorsque l\u2019on opte pour la qualit\u00e9, on n\u2019a rien \u00e0 cacher ni \u00e0 ajouter. Il suffit de laisser les saveurs naturelles riches s\u2019exprimer. Fid\u00e8les \u00e0 notre philosophie macrobiotique nous travaillons uniquement avec des ingr\u00e9dients d\u2019origine biologique. Et bien s\u00fbr selon les normes d\u2019hygi\u00e8ne et de production les plus strictes. Nous partons toujours du principe que nous produisons la qualit\u00e9 que nous voudrions consommer nous-m\u00eames.&nbsp;&nbsp;<\/p>\n<\/div><\/div>\n\n\n\n<div style=\"height:140px\" aria-hidden=\"true\" class=\"wp-block-spacer\"><\/div>\n\n\n\n<blockquote class=\"wp-block-quote is-layout-flow wp-block-quote-is-layout-flow\"><p>\u201cFid\u00e8les \u00e0 notre philosophie macrobiotique nous travaillons uniquement avec des ingr\u00e9dients d&#8217;origine biologiques.\u201d<\/p><\/blockquote>\n\n\n\n<div style=\"height:140px\" aria-hidden=\"true\" class=\"wp-block-spacer\"><\/div>\n\n\n\n<div class=\"wp-block-media-text alignwide has-media-on-the-right is-stacked-on-mobile is-image-fill\" style=\"grid-template-columns:auto 40%\"><figure class=\"wp-block-media-text__media\" style=\"background-image:url(https:\/\/maya-seitan.be\/wp-content\/uploads\/2022\/01\/atelier3-1024x1024.jpg);background-position:50% 50%\"><img loading=\"lazy\" decoding=\"async\" width=\"1024\" height=\"1024\" src=\"https:\/\/maya-seitan.be\/wp-content\/uploads\/2022\/01\/atelier3-1024x1024.jpg\" alt=\"\" class=\"wp-image-1296 size-large\" srcset=\"https:\/\/maya-seitan.be\/\/wp-content\/uploads\/2022\/01\/atelier3-1024x1024.jpg 1024w, https:\/\/maya-seitan.be\/\/wp-content\/uploads\/2022\/01\/atelier3-300x300.jpg 300w, https:\/\/maya-seitan.be\/\/wp-content\/uploads\/2022\/01\/atelier3-150x150.jpg 150w, https:\/\/maya-seitan.be\/\/wp-content\/uploads\/2022\/01\/atelier3-768x768.jpg 768w, https:\/\/maya-seitan.be\/\/wp-content\/uploads\/2022\/01\/atelier3-1600x1600.jpg 1600w, https:\/\/maya-seitan.be\/\/wp-content\/uploads\/2022\/01\/atelier3-1536x1536.jpg 1536w, https:\/\/maya-seitan.be\/\/wp-content\/uploads\/2022\/01\/atelier3-2048x2048.jpg 2048w\" sizes=\"auto, (max-width: 1024px) 100vw, 1024px\" \/><\/figure><div class=\"wp-block-media-text__content\">\n<h2 class=\"wp-block-heading\">Respect de l\u2019homme et de la nature&nbsp;<\/h2>\n\n\n\n<p>Travailler de mani\u00e8re durable\u202f? C\u2019est le choix que nous faisons d\u00e9lib\u00e9r\u00e9ment jour apr\u00e8s jour, m\u00eame lorsque nous d\u00e9veloppons de nouveaux produits. Par exemple, nous pr\u00eatons attention \u00e0 nos flux de r\u00e9sidus. Pour fabriquer le seitan, il faut laver la p\u00e2te \u00e0 l\u2019eau jusqu\u2019\u00e0 ce que l\u2019amidon soit \u00e9limin\u00e9 et qu\u2019il ne reste que le gluten. Nous r\u00e9utilisons en grande partie cet amidon restant dans notre propre atelier, par exemple pour lier des sauces ou paner les Seitan Croc. Nous avons \u00e9galement trouv\u00e9 en la brasserie Jessenhofke un partenaire qui partage notre philosophie et qui utilise notre eau charg\u00e9e en amidon pour brasser sa bi\u00e8re Maya. En fait, nous cherchons constamment de nouvelles mani\u00e8res de r\u00e9duire encore plus notre empreinte environnementale. C\u2019est notre fa\u00e7on de contribuer \u00e0 un monde plus durable.&nbsp;&nbsp;<\/p>\n<\/div><\/div>\n\n\n\n<div style=\"height:140px\" aria-hidden=\"true\" class=\"wp-block-spacer\"><\/div>\n\n\n\n<p><\/p>\n","protected":false},"excerpt":{"rendered":"<p>30 ANS Fabriquer des produits v\u00e9g\u00e9taux purs, d\u00e9licieux et honn\u00eates\u202f: telle est depuis toujours la mission de Maya. Depuis nos d\u00e9buts en 1992, beaucoup de choses ont chang\u00e9, sans que rien ne change\u2026 Notre production de seitan s\u2019est d\u00e9velopp\u00e9e parall\u00e8lement \u00e0 la prise de conscience des consommateurs et \u00e0 la professionnalisation du march\u00e9. Mais tout &hellip; <a href=\"https:\/\/maya-seitan.be\/fr\/over-ons\/\">Continued<\/a><\/p>\n","protected":false},"author":2,"featured_media":1274,"parent":0,"menu_order":0,"comment_status":"closed","ping_status":"closed","template":"views\/template-about-us.blade.php","meta":{"_acf_changed":false,"_seopress_robots_primary_cat":"","_seopress_titles_title":"","_seopress_titles_desc":"","_seopress_robots_index":"","footnotes":""},"class_list":["post-99","page","type-page","status-publish","has-post-thumbnail","hentry"],"acf":[],"_links":{"self":[{"href":"https:\/\/maya-seitan.be\/fr\/wp-json\/wp\/v2\/pages\/99","targetHints":{"allow":["GET"]}}],"collection":[{"href":"https:\/\/maya-seitan.be\/fr\/wp-json\/wp\/v2\/pages"}],"about":[{"href":"https:\/\/maya-seitan.be\/fr\/wp-json\/wp\/v2\/types\/page"}],"author":[{"embeddable":true,"href":"https:\/\/maya-seitan.be\/fr\/wp-json\/wp\/v2\/users\/2"}],"replies":[{"embeddable":true,"href":"https:\/\/maya-seitan.be\/fr\/wp-json\/wp\/v2\/comments?post=99"}],"version-history":[{"count":3,"href":"https:\/\/maya-seitan.be\/fr\/wp-json\/wp\/v2\/pages\/99\/revisions"}],"predecessor-version":[{"id":1774,"href":"https:\/\/maya-seitan.be\/fr\/wp-json\/wp\/v2\/pages\/99\/revisions\/1774"}],"wp:featuredmedia":[{"embeddable":true,"href":"https:\/\/maya-seitan.be\/fr\/wp-json\/wp\/v2\/media\/1274"}],"wp:attachment":[{"href":"https:\/\/maya-seitan.be\/fr\/wp-json\/wp\/v2\/media?parent=99"}],"curies":[{"name":"wp","href":"https:\/\/api.w.org\/{rel}","templated":true}]}}