{"id":24,"date":"2021-10-07T13:45:34","date_gmt":"2021-10-07T13:45:34","guid":{"rendered":"http:\/\/maya.local\/homepage\/"},"modified":"2024-04-10T09:29:43","modified_gmt":"2024-04-10T09:29:43","slug":"homepage","status":"publish","type":"page","link":"https:\/\/maya-seitan.be\/fr\/","title":{"rendered":"Homepage"},"content":{"rendered":"\n<div class=\"wp-block-columns is-layout-flex wp-container-core-columns-is-layout-9d6595d7 wp-block-columns-is-layout-flex\">\n<div class=\"wp-block-column is-layout-flow wp-block-column-is-layout-flow\">\n<figure class=\"wp-block-image size-large\"><img loading=\"lazy\" decoding=\"async\" width=\"1024\" height=\"768\" src=\"https:\/\/maya-seitan.be\/wp-content\/uploads\/2022\/01\/gluten2-1024x768.jpg\" alt=\"\" class=\"wp-image-1311\" srcset=\"https:\/\/maya-seitan.be\/\/wp-content\/uploads\/2022\/01\/gluten2-1024x768.jpg 1024w, https:\/\/maya-seitan.be\/\/wp-content\/uploads\/2022\/01\/gluten2-300x225.jpg 300w, https:\/\/maya-seitan.be\/\/wp-content\/uploads\/2022\/01\/gluten2-768x576.jpg 768w, https:\/\/maya-seitan.be\/\/wp-content\/uploads\/2022\/01\/gluten2-1600x1200.jpg 1600w, https:\/\/maya-seitan.be\/\/wp-content\/uploads\/2022\/01\/gluten2-1536x1152.jpg 1536w, https:\/\/maya-seitan.be\/\/wp-content\/uploads\/2022\/01\/gluten2-2048x1536.jpg 2048w\" sizes=\"auto, (max-width: 1024px) 100vw, 1024px\" \/><\/figure>\n\n\n\n<h2 class=\"has-text-align-left wp-block-heading\">DEPUIS 1992<\/h2>\n\n\n\n<p class=\"has-text-align-center\">Fabriquer des produits v\u00e9g\u00e9taux purs, d\u00e9licieux et honn\u00eates.<\/p>\n<\/div>\n\n\n\n<div class=\"wp-block-column is-layout-flow wp-block-column-is-layout-flow\">\n<figure class=\"wp-block-image size-large\"><img loading=\"lazy\" decoding=\"async\" width=\"768\" height=\"1024\" src=\"https:\/\/maya-seitan.be\/wp-content\/uploads\/2022\/01\/seitanbol-768x1024.jpg\" alt=\"\" class=\"wp-image-1424\" srcset=\"https:\/\/maya-seitan.be\/\/wp-content\/uploads\/2022\/01\/seitanbol-768x1024.jpg 768w, https:\/\/maya-seitan.be\/\/wp-content\/uploads\/2022\/01\/seitanbol-225x300.jpg 225w, https:\/\/maya-seitan.be\/\/wp-content\/uploads\/2022\/01\/seitanbol-1600x2133.jpg 1600w, https:\/\/maya-seitan.be\/\/wp-content\/uploads\/2022\/01\/seitanbol-1152x1536.jpg 1152w, https:\/\/maya-seitan.be\/\/wp-content\/uploads\/2022\/01\/seitanbol-1536x2048.jpg 1536w, https:\/\/maya-seitan.be\/\/wp-content\/uploads\/2022\/01\/seitanbol.jpg 1875w\" sizes=\"auto, (max-width: 768px) 100vw, 768px\" \/><\/figure>\n\n\n\n<h2 class=\"has-text-align-left wp-block-heading\">SAVOIR-FAIRE ARTISANAL<\/h2>\n\n\n\n<p class=\"has-text-align-center\">Des mains expertes soignent la qualit\u00e9.<\/p>\n<\/div>\n\n\n\n<div class=\"wp-block-column is-layout-flow wp-block-column-is-layout-flow\">\n<figure class=\"wp-block-image size-large\"><img loading=\"lazy\" decoding=\"async\" width=\"1024\" height=\"1024\" src=\"https:\/\/maya-seitan.be\/wp-content\/uploads\/2022\/01\/tarwe2-1024x1024.jpg\" alt=\"\" class=\"wp-image-1418\" srcset=\"https:\/\/maya-seitan.be\/\/wp-content\/uploads\/2022\/01\/tarwe2-1024x1024.jpg 1024w, https:\/\/maya-seitan.be\/\/wp-content\/uploads\/2022\/01\/tarwe2-300x300.jpg 300w, https:\/\/maya-seitan.be\/\/wp-content\/uploads\/2022\/01\/tarwe2-150x150.jpg 150w, https:\/\/maya-seitan.be\/\/wp-content\/uploads\/2022\/01\/tarwe2-768x768.jpg 768w, https:\/\/maya-seitan.be\/\/wp-content\/uploads\/2022\/01\/tarwe2.jpg 1512w\" sizes=\"auto, (max-width: 1024px) 100vw, 1024px\" \/><\/figure>\n\n\n\n<h2 class=\"has-text-align-left wp-block-heading\">CHOIX PURS ET HONN\u00caTES<\/h2>\n\n\n\n<p class=\"has-text-align-center\">Il suffit de laisser les saveurs naturelles riches s&#8217;exprimer.<\/p>\n<\/div>\n<\/div>\n","protected":false},"excerpt":{"rendered":"<p>DEPUIS 1992 Fabriquer des produits v\u00e9g\u00e9taux purs, d\u00e9licieux et honn\u00eates. SAVOIR-FAIRE ARTISANAL Des mains expertes soignent la qualit\u00e9. CHOIX PURS ET HONN\u00caTES Il suffit de laisser les saveurs naturelles riches s&#8217;exprimer.<\/p>\n","protected":false},"author":2,"featured_media":0,"parent":0,"menu_order":0,"comment_status":"closed","ping_status":"closed","template":"views\/template-home.blade.php","meta":{"_acf_changed":false,"_seopress_robots_primary_cat":"","_seopress_titles_title":"","_seopress_titles_desc":"","_seopress_robots_index":"","footnotes":""},"class_list":["post-24","page","type-page","status-publish","hentry"],"acf":[],"_links":{"self":[{"href":"https:\/\/maya-seitan.be\/fr\/wp-json\/wp\/v2\/pages\/24","targetHints":{"allow":["GET"]}}],"collection":[{"href":"https:\/\/maya-seitan.be\/fr\/wp-json\/wp\/v2\/pages"}],"about":[{"href":"https:\/\/maya-seitan.be\/fr\/wp-json\/wp\/v2\/types\/page"}],"author":[{"embeddable":true,"href":"https:\/\/maya-seitan.be\/fr\/wp-json\/wp\/v2\/users\/2"}],"replies":[{"embeddable":true,"href":"https:\/\/maya-seitan.be\/fr\/wp-json\/wp\/v2\/comments?post=24"}],"version-history":[{"count":3,"href":"https:\/\/maya-seitan.be\/fr\/wp-json\/wp\/v2\/pages\/24\/revisions"}],"predecessor-version":[{"id":2086,"href":"https:\/\/maya-seitan.be\/fr\/wp-json\/wp\/v2\/pages\/24\/revisions\/2086"}],"wp:attachment":[{"href":"https:\/\/maya-seitan.be\/fr\/wp-json\/wp\/v2\/media?parent=24"}],"curies":[{"name":"wp","href":"https:\/\/api.w.org\/{rel}","templated":true}]}}