{"id":220,"date":"2021-10-07T07:44:52","date_gmt":"2021-10-07T07:44:52","guid":{"rendered":"http:\/\/maya.local\/recepten\/"},"modified":"2022-02-14T15:40:59","modified_gmt":"2022-02-14T15:40:59","slug":"recettes","status":"publish","type":"page","link":"https:\/\/maya-seitan.be\/fr\/recettes\/","title":{"rendered":"Recettes"},"content":{"rendered":"\n<h1 class=\"has-text-align-center wp-block-heading\">Qu\u2019est-ce qu\u2019on mange aujourd\u2019hui\u202f?&nbsp;<\/h1>\n\n\n\n<p class=\"has-text-align-center\">Du quotidien au festif. Et de rapide \u00e0 extensif. Les produits v\u00e9g\u00e9taux de Maya conviennent \u00e0 tous les plats et \u00e0 toutes les occasions. Laissez-vous inspirer par nos recettes.<\/p>\n","protected":false},"excerpt":{"rendered":"<p>Qu\u2019est-ce qu\u2019on mange aujourd\u2019hui\u202f?&nbsp; Du quotidien au festif. Et de rapide \u00e0 extensif. Les produits v\u00e9g\u00e9taux de Maya conviennent \u00e0 tous les plats et \u00e0 toutes les occasions. Laissez-vous inspirer par nos recettes.<\/p>\n","protected":false},"author":2,"featured_media":1788,"parent":0,"menu_order":0,"comment_status":"closed","ping_status":"closed","template":"views\/template-recepts.blade.php","meta":{"_acf_changed":false,"_seopress_robots_primary_cat":"","_seopress_titles_title":"","_seopress_titles_desc":"","_seopress_robots_index":"","footnotes":""},"class_list":["post-220","page","type-page","status-publish","has-post-thumbnail","hentry"],"acf":[],"_links":{"self":[{"href":"https:\/\/maya-seitan.be\/fr\/wp-json\/wp\/v2\/pages\/220","targetHints":{"allow":["GET"]}}],"collection":[{"href":"https:\/\/maya-seitan.be\/fr\/wp-json\/wp\/v2\/pages"}],"about":[{"href":"https:\/\/maya-seitan.be\/fr\/wp-json\/wp\/v2\/types\/page"}],"author":[{"embeddable":true,"href":"https:\/\/maya-seitan.be\/fr\/wp-json\/wp\/v2\/users\/2"}],"replies":[{"embeddable":true,"href":"https:\/\/maya-seitan.be\/fr\/wp-json\/wp\/v2\/comments?post=220"}],"version-history":[{"count":3,"href":"https:\/\/maya-seitan.be\/fr\/wp-json\/wp\/v2\/pages\/220\/revisions"}],"predecessor-version":[{"id":1790,"href":"https:\/\/maya-seitan.be\/fr\/wp-json\/wp\/v2\/pages\/220\/revisions\/1790"}],"wp:featuredmedia":[{"embeddable":true,"href":"https:\/\/maya-seitan.be\/fr\/wp-json\/wp\/v2\/media\/1788"}],"wp:attachment":[{"href":"https:\/\/maya-seitan.be\/fr\/wp-json\/wp\/v2\/media?parent=220"}],"curies":[{"name":"wp","href":"https:\/\/api.w.org\/{rel}","templated":true}]}}