{"id":100,"date":"2021-10-07T07:45:11","date_gmt":"2021-10-07T07:45:11","guid":{"rendered":"http:\/\/maya.local\/wist-je-dat\/"},"modified":"2022-02-14T16:19:55","modified_gmt":"2022-02-14T16:19:55","slug":"le-saviez-vous","status":"publish","type":"page","link":"https:\/\/maya-seitan.be\/fr\/le-saviez-vous\/","title":{"rendered":"En savoir plus"},"content":{"rendered":"\n<p>Par int\u00e9r\u00eat personnel, nous nous engageons pour une alimentation saine et \u00e9quilibr\u00e9e depuis plus de 30\u202fans. Nous sommes heureux de partager nos connaissances et notre exp\u00e9rience avec vous.<\/p>\n","protected":false},"excerpt":{"rendered":"<p>Par int\u00e9r\u00eat personnel, nous nous engageons pour une alimentation saine et \u00e9quilibr\u00e9e depuis plus de 30\u202fans. Nous sommes heureux de partager nos connaissances et notre exp\u00e9rience avec vous.<\/p>\n","protected":false},"author":2,"featured_media":1809,"parent":0,"menu_order":0,"comment_status":"closed","ping_status":"closed","template":"views\/template-blog.blade.php","meta":{"_acf_changed":false,"_seopress_robots_primary_cat":"","_seopress_titles_title":"","_seopress_titles_desc":"","_seopress_robots_index":"","footnotes":""},"class_list":["post-100","page","type-page","status-publish","has-post-thumbnail","hentry"],"acf":[],"_links":{"self":[{"href":"https:\/\/maya-seitan.be\/fr\/wp-json\/wp\/v2\/pages\/100","targetHints":{"allow":["GET"]}}],"collection":[{"href":"https:\/\/maya-seitan.be\/fr\/wp-json\/wp\/v2\/pages"}],"about":[{"href":"https:\/\/maya-seitan.be\/fr\/wp-json\/wp\/v2\/types\/page"}],"author":[{"embeddable":true,"href":"https:\/\/maya-seitan.be\/fr\/wp-json\/wp\/v2\/users\/2"}],"replies":[{"embeddable":true,"href":"https:\/\/maya-seitan.be\/fr\/wp-json\/wp\/v2\/comments?post=100"}],"version-history":[{"count":2,"href":"https:\/\/maya-seitan.be\/fr\/wp-json\/wp\/v2\/pages\/100\/revisions"}],"predecessor-version":[{"id":1613,"href":"https:\/\/maya-seitan.be\/fr\/wp-json\/wp\/v2\/pages\/100\/revisions\/1613"}],"wp:featuredmedia":[{"embeddable":true,"href":"https:\/\/maya-seitan.be\/fr\/wp-json\/wp\/v2\/media\/1809"}],"wp:attachment":[{"href":"https:\/\/maya-seitan.be\/fr\/wp-json\/wp\/v2\/media?parent=100"}],"curies":[{"name":"wp","href":"https:\/\/api.w.org\/{rel}","templated":true}]}}